{"id":885,"date":"2025-07-03T13:13:12","date_gmt":"2025-07-03T17:13:12","guid":{"rendered":"https:\/\/www.bridginghopega.org\/sobre-bridging-hope\/nuestro-equipo\/janie-steckenrider\/"},"modified":"2025-07-15T20:49:14","modified_gmt":"2025-07-16T00:49:14","slug":"janie-steckenrider","status":"publish","type":"page","link":"https:\/\/www.bridginghopega.org\/es\/sobre-bridging-hope\/nuestro-equipo\/janie-steckenrider\/","title":{"rendered":"Janie Steckenrider"},"content":{"rendered":"<section class=\"split-content-section has-background has-background-color has-text-color default has-transparente-background-color split-content-section-image split-content-section-left\" data-id=\"block_9cfce4718efc718f8042285e36296e7f\" data-aos=\"fade-up\">\n    <div class=\"container\">\n        <div class=\"grid grid-bleed align-center\">\n            <div class=\"col-grid lg-col-6-12\">\n                <div class=\"split-content-media split-content-media-image sticky split-content-media-left\">\n                                                                                        <div class=\"split-content-image\" data-aos=\"fade-up\">\n                            <picture>\n                                <source media=\"image\/webp\" srcset=\"https:\/\/www.bridginghopega.org\/wp-content\/uploads\/2025\/07\/Janie-Steckenrider.jpg.webp\">\n                                <img loading=\"lazy\" decoding=\"async\" src=\"https:\/\/www.bridginghopega.org\/wp-content\/uploads\/2025\/07\/Janie-Steckenrider.jpg\" alt=\"Janie Steckenrider\" width=\"548\" height=\"681\">\n                            <\/picture>\n                        <\/div>\n                         \n                     \n                                                                                                                                        <\/div>\n            <\/div>\n\n            <div class=\"col-grid lg-col-5-12 offset-lg-col-1-12\">\n                <div class=\"split-content split-content-right\" data-aos=\"fade-right\" data-aos-delay=\"200\">\n                                        <h3 class=\"has-text-color has-cerceta-300-color\" data-aos=\"fade-up\">Janie Steckenrider<\/h3>                    <div class=\"has-text-color has-negro-color has-cerceta-300-link-color\" data-aos=\"fade-up\"><h6>Director del Programa M\u00e9dico Forense<\/h6>\n<p>Janie Steckenrider, BSN, RN, SANE-A, GFN-C, IVSE-C, es una enfermera dedicada con pasi\u00f3n por la salud de la mujer y las poblaciones desatendidas. Con una formaci\u00f3n que abarca tanto la salud de la mujer como la enfermer\u00eda forense, Janie aporta una gran experiencia en la prestaci\u00f3n de cuidados integrales a pacientes en diversas etapas y circunstancias de la vida. Adem\u00e1s de sus funciones cl\u00ednicas, Janie ha realizado importantes contribuciones a la enfermer\u00eda forense, especializ\u00e1ndose en agresiones sexuales, violencia dom\u00e9stica, estrangulamiento no mortal y trata de seres humanos. Esta experiencia la ha dotado de un profundo conocimiento de los cuidados informados por el trauma y de la defensa de los supervivientes, haciendo hincapi\u00e9 en la importancia del apoyo hol\u00edstico y la capacitaci\u00f3n. Actualmente es Directora del Programa de Enfermer\u00eda Forense de Rape Response Inc. y desempe\u00f1a un papel fundamental en la formulaci\u00f3n de pol\u00edticas y la supervisi\u00f3n de la atenci\u00f3n a las v\u00edctimas en seis condados y cuatro circuitos judiciales de Georgia. En este puesto de liderazgo, Janie se dedica a garantizar que las supervivientes reciban el m\u00e1s alto nivel de atenci\u00f3n y apoyo durante su viaje de recuperaci\u00f3n. Janie tambi\u00e9n persigue su objetivo de convertirse en enfermera especializada en salud de la mujer a trav\u00e9s de la Universidad de Georgetown.      <\/p>\n<p>Correo electr\u00f3nico: <a href=\"mailto:janie@bridginghopega.org\">janie@bridginghopega.org<\/a><\/p>\n<\/div>\n                                    <\/div>\n            <\/div>\n        <\/div>\n    <\/div>\n    <\/section>\n","protected":false},"excerpt":{"rendered":"","protected":false},"author":1,"featured_media":0,"parent":607,"menu_order":0,"comment_status":"closed","ping_status":"closed","template":"","meta":{"_acf_changed":false,"footnotes":""},"class_list":["post-885","page","type-page","status-publish","hentry"],"acf":[],"_links":{"self":[{"href":"https:\/\/www.bridginghopega.org\/es\/wp-json\/wp\/v2\/pages\/885","targetHints":{"allow":["GET"]}}],"collection":[{"href":"https:\/\/www.bridginghopega.org\/es\/wp-json\/wp\/v2\/pages"}],"about":[{"href":"https:\/\/www.bridginghopega.org\/es\/wp-json\/wp\/v2\/types\/page"}],"author":[{"embeddable":true,"href":"https:\/\/www.bridginghopega.org\/es\/wp-json\/wp\/v2\/users\/1"}],"replies":[{"embeddable":true,"href":"https:\/\/www.bridginghopega.org\/es\/wp-json\/wp\/v2\/comments?post=885"}],"version-history":[{"count":0,"href":"https:\/\/www.bridginghopega.org\/es\/wp-json\/wp\/v2\/pages\/885\/revisions"}],"up":[{"embeddable":true,"href":"https:\/\/www.bridginghopega.org\/es\/wp-json\/wp\/v2\/pages\/607"}],"wp:attachment":[{"href":"https:\/\/www.bridginghopega.org\/es\/wp-json\/wp\/v2\/media?parent=885"}],"curies":[{"name":"wp","href":"https:\/\/api.w.org\/{rel}","templated":true}]}}