{"id":883,"date":"2025-07-03T13:32:47","date_gmt":"2025-07-03T17:32:47","guid":{"rendered":"https:\/\/www.bridginghopega.org\/sobre-bridging-hope\/nuestro-equipo\/madison-roberts\/"},"modified":"2025-07-15T20:49:09","modified_gmt":"2025-07-16T00:49:09","slug":"madison-roberts","status":"publish","type":"page","link":"https:\/\/www.bridginghopega.org\/es\/sobre-bridging-hope\/nuestro-equipo\/madison-roberts\/","title":{"rendered":"Madison Roberts"},"content":{"rendered":"<section class=\"split-content-section has-background has-background-color has-text-color default has-transparente-background-color split-content-section-image split-content-section-left\" data-id=\"block_3918d6e621960f717f7fb703a0f50d23\" data-aos=\"fade-up\">\n    <div class=\"container\">\n        <div class=\"grid grid-bleed align-center\">\n            <div class=\"col-grid lg-col-6-12\">\n                <div class=\"split-content-media split-content-media-image sticky split-content-media-left\">\n                                                                                        <div class=\"split-content-image\" data-aos=\"fade-up\">\n                            <picture>\n                                <source media=\"image\/webp\" srcset=\"https:\/\/www.bridginghopega.org\/wp-content\/uploads\/2025\/07\/Madison-Roberts-683x1024.jpg.webp\">\n                                <img loading=\"lazy\" decoding=\"async\" src=\"https:\/\/www.bridginghopega.org\/wp-content\/uploads\/2025\/07\/Madison-Roberts-683x1024.jpg\" alt=\"Madison Roberts\" width=\"1200\" height=\"1800\">\n                            <\/picture>\n                        <\/div>\n                         \n                     \n                                                                                                                                        <\/div>\n            <\/div>\n\n            <div class=\"col-grid lg-col-5-12 offset-lg-col-1-12\">\n                <div class=\"split-content split-content-right\" data-aos=\"fade-right\" data-aos-delay=\"200\">\n                                        <h3 class=\"has-text-color has-cerceta-300-color\" data-aos=\"fade-up\">Madison Roberts<\/h3>                    <div class=\"has-text-color has-negro-color has-cerceta-300-link-color\" data-aos=\"fade-up\"><h6>Becario de Abogac\u00eda y Gesti\u00f3n de Organizaciones No Lucrativas<\/h6>\n<p>Madison se une a nosotros con una licenciatura en psicolog\u00eda por la Universidad Estatal de Georgia y varios a\u00f1os de experiencia en defensa. Madison tiene experiencia trabajando con supervivientes de agresiones sexuales, violencia dom\u00e9stica y maltrato de ancianos, as\u00ed como con supervivientes de cr\u00edmenes de casos sin resolver. Madison est\u00e1 encantada de poder servir a Forsyth, Hall, Dawson, Habersham, White y Lumpkin. Madison tambi\u00e9n colabora en el mantenimiento de nuestras redes sociales. Cuando Madison no est\u00e1 ocupada en el trabajo, le encanta leer, hacer ejercicio y pasar tiempo con su marido, sus tres perros y sus dos gatos. Actualmente est\u00e1 ampliando su formaci\u00f3n con un M\u00e1ster en Trabajo Social en la UGA (\u00a1vamos Dawgs!) y trabajando con la Directora Ejecutiva, Jen, para desarrollar habilidades de gesti\u00f3n de organizaciones sin \u00e1nimo de lucro.       <\/p>\n<p>Correo electr\u00f3nico: <a href=\"mailto:madison@bridginghopega.org\">madison@bridginghopega.org<\/a><\/p>\n<\/div>\n                                    <\/div>\n            <\/div>\n        <\/div>\n    <\/div>\n    <\/section>\n","protected":false},"excerpt":{"rendered":"","protected":false},"author":1,"featured_media":0,"parent":607,"menu_order":0,"comment_status":"closed","ping_status":"closed","template":"","meta":{"_acf_changed":false,"footnotes":""},"class_list":["post-883","page","type-page","status-publish","hentry"],"acf":[],"_links":{"self":[{"href":"https:\/\/www.bridginghopega.org\/es\/wp-json\/wp\/v2\/pages\/883","targetHints":{"allow":["GET"]}}],"collection":[{"href":"https:\/\/www.bridginghopega.org\/es\/wp-json\/wp\/v2\/pages"}],"about":[{"href":"https:\/\/www.bridginghopega.org\/es\/wp-json\/wp\/v2\/types\/page"}],"author":[{"embeddable":true,"href":"https:\/\/www.bridginghopega.org\/es\/wp-json\/wp\/v2\/users\/1"}],"replies":[{"embeddable":true,"href":"https:\/\/www.bridginghopega.org\/es\/wp-json\/wp\/v2\/comments?post=883"}],"version-history":[{"count":0,"href":"https:\/\/www.bridginghopega.org\/es\/wp-json\/wp\/v2\/pages\/883\/revisions"}],"up":[{"embeddable":true,"href":"https:\/\/www.bridginghopega.org\/es\/wp-json\/wp\/v2\/pages\/607"}],"wp:attachment":[{"href":"https:\/\/www.bridginghopega.org\/es\/wp-json\/wp\/v2\/media?parent=883"}],"curies":[{"name":"wp","href":"https:\/\/api.w.org\/{rel}","templated":true}]}}