{"id":602,"date":"2025-06-19T11:09:50","date_gmt":"2025-06-19T15:09:50","guid":{"rendered":"https:\/\/www.bridginghopega.org\/servicios\/"},"modified":"2025-07-14T14:59:27","modified_gmt":"2025-07-14T18:59:27","slug":"servicios","status":"publish","type":"page","link":"https:\/\/www.bridginghopega.org\/es\/servicios\/","title":{"rendered":"Servicios"},"content":{"rendered":"<section class=\"single-content-section has-background has-background-color has-text-color default has-transparent-background-color text-center\" data-id=\"block_5d478a495a5fde90fc86585a9157fd81\" data-aos=\"fade-in\">\n    <div class=\"container\">\n        <div class=\"grid\">\n            <div class=\"col-grid col-1-1 lg-col-10-12 offset-lg-col-1-12\">\n                                <h2 class=\"h3 has-text-color has-teal-400-color\" data-aos=\"fade-right\">Bridging Hope est\u00e1 aqu\u00ed para ayudar<\/h2>                <div class=\"has-text-color has-black-color has-teal-300-link-color\" data-aos=\"fade-up\"><p>La agresi\u00f3n sexual puede tener un impacto profundamente devastador y duradero en la vida de los afectados. No importa cu\u00e1ndo ni c\u00f3mo haya ocurrido, lo m\u00e1s importante que hay que entender sobre la agresi\u00f3n sexual es que los supervivientes, sus familias y sus seres queridos merecen un sistema de apoyo. Merecen que se les ponga en contacto con recursos y servicios que conduzcan a la esperanza en el futuro. Por eso est\u00e1 Bridging Hope: para proporcionar una amplia gama de servicios, incluida orientaci\u00f3n m\u00e9dica y jur\u00eddica, que ayuden a los supervivientes de agresiones sexuales en su camino hacia la curaci\u00f3n.   <\/p>\n<p>Todos los servicios de Bridging Hope son totalmente gratuitos y confidenciales y est\u00e1n disponibles para personas mayores de 13 a\u00f1os. Nuestra \u00e1rea de servicio incluye los condados de Dawson, Habersham, Hall, Forsyth, Lumpkin y White en Georgia. <\/p>\n<\/div>\n                            <\/div>\n        <\/div>\n    <\/div>\n    <\/section>\n\n<style type=\"text\/css\">@media screen and (max-width: 991px){section[data-id=\"block_dda0a4f4334638cc5d1b0474d525d62c\"]{padding-top: 0px;}}@media screen and (min-width: 992px) and (max-width: 1199px){section[data-id=\"block_dda0a4f4334638cc5d1b0474d525d62c\"]{padding-top: 0px;}}@media screen and (min-width: 1200px){section[data-id=\"block_dda0a4f4334638cc5d1b0474d525d62c\"]{padding-top: 0px;}}<\/style><section  class=\"accordion-section has-background has-background-color has-text-color default has-transparent-background-color\" data-id=\"block_dda0a4f4334638cc5d1b0474d525d62c\" data-aos=\"fade-in\">\n    <div class=\"container\">\n        <div class=\"grid justify-center\">\n                        <div class=\"col-grid lg-col-10-12 text-center xs-pb-50\">\n                <span class=\"preheader xs-pb-32 has-text-color has-teal-300-color\" data-aos=\"fade-up\">Nuestros servicios<\/span>                <h3 class=\"has-text-color has-teal-400-color\" data-aos=\"fade-up\">C\u00f3mo podemos ayudarte<\/h3>                <div class=\"has-text-color has-black-color has-teal-300-link-color\" data-aos=\"fade-up\"><p>Tanto si necesitas defensa inmediata, apoyo m\u00e9dico, asesoramiento jur\u00eddico, orientaci\u00f3n, educaci\u00f3n o algo m\u00e1s, nos pondremos manos a la obra para proporcionarte el apoyo que necesitas.<\/p>\n<\/div>                            <\/div>\n                        <div class=\"col-grid col-1-1\">\n\n                                <div class=\"accordion\" data-aos=\"fade-up\">\n                    <div class=\"accordion-title has-text-color has-link-color has-teal-300-color has-teal-300-link-color\">L\u00ednea de crisis 24 horas al d\u00eda, 7 d\u00edas a la semana<\/div>\n                    <div class=\"accordion-content has-text-color has-link-color has-black-color has-black-link-color xs-pt-24\">\n                        <p>No importa cu\u00e1ndo necesites ayuda, llama a nuestra l\u00ednea de crisis al <a href=\"tel:7705037273\">770-503-7273<\/a> para obtener ayuda y asesoramiento inmediatos. Nuestros defensores formados est\u00e1n dispuestos a escuchar y prestar ayuda. Por tanto, si t\u00fa o alguien que conoces ha sufrido alg\u00fan tipo de abuso o agresi\u00f3n sexual, ll\u00e1manos inmediatamente. Incluso si est\u00e1s fuera de nuestra \u00e1rea de servicio, puedes llamar a nuestra l\u00ednea de crisis, y un defensor te ayudar\u00e1 a ponerte en contacto con recursos cercanos.<\/p>\n\n\n                                                <div class=\"buttons xs-pt-24\" data-aos=\"fade-up\">\n                        <a href=\"tel:7705037273\" class=\"button button-primary-dark\" target=\"_self\"><span>Ll\u00e1manos<\/span><\/a>                        <\/div>\n                                            <\/div>\n                <\/div>\n                                <div class=\"accordion\" data-aos=\"fade-up\">\n                    <div class=\"accordion-title has-text-color has-link-color has-teal-300-color has-teal-300-link-color\">Defensa<\/div>\n                    <div class=\"accordion-content has-text-color has-link-color has-black-color has-black-link-color xs-pt-24\">\n                        <p>Bridging Hope emplea a defensores profesionales dispuestos a proporcionar apoyo inmediato cuando m\u00e1s importa. Estas personas experimentadas y atentas ayudan a las sobrevivientes a adquirir los conocimientos que necesitan para procesar las secuelas de una agresi\u00f3n o abuso, recibir la atenci\u00f3n m\u00e9dica necesaria (incluidos los ex\u00e1menes forenses), denunciar la agresi\u00f3n a las autoridades legales o hacer un seguimiento de los casos que puedan no haberse abordado de manera suficiente. Hacen todo esto con la m\u00e1xima discreci\u00f3n y apoyo a la superviviente.  <\/p>\n<p>&nbsp;<\/p>\n\n\n                                                <div class=\"buttons xs-pt-24\" data-aos=\"fade-up\">\n                        <a href=\"https:\/\/www.bridginghopega.org\/get-help\/advocacy\/\" class=\"button button-primary-dark\" target=\"_self\"><span>Saber m\u00e1s<\/span><\/a>                        <\/div>\n                                            <\/div>\n                <\/div>\n                                <div class=\"accordion\" data-aos=\"fade-up\">\n                    <div class=\"accordion-title has-text-color has-link-color has-teal-300-color has-teal-300-link-color\">Ex\u00e1menes m\u00e9dicos forenses<\/div>\n                    <div class=\"accordion-content has-text-color has-link-color has-black-color has-black-link-color xs-pt-24\">\n                        <p>Recibir un examen m\u00e9dico profesional tras una agresi\u00f3n sexual suele ser fundamental, tanto para evaluar la salud y el bienestar de la superviviente, como para recoger pruebas y ayudar a las autoridades en la persecuci\u00f3n de cualquier resultado legal o penal. Bridging Hope comprende la delicada naturaleza de estos ex\u00e1menes y ofrece una atenci\u00f3n experta, discreta y considerada. <\/p>\n<p>tanto para evaluar la salud y el bienestar del superviviente, como para recoger pruebas y ayudar a las autoridades en la persecuci\u00f3n de cualquier resultado legal o penal.<\/p>\n\n\n                                                <div class=\"buttons xs-pt-24\" data-aos=\"fade-up\">\n                        <a href=\"\/get-help\/forensic-medical-exams\/\" class=\"button button-primary-dark\" target=\"_self\"><span>Ex\u00e1menes m\u00e9dicos forenses<\/span><\/a>                        <\/div>\n                                            <\/div>\n                <\/div>\n                                <div class=\"accordion\" data-aos=\"fade-up\">\n                    <div class=\"accordion-title has-text-color has-link-color has-teal-300-color has-teal-300-link-color\">Asesoramiento y grupos de apoyo<\/div>\n                    <div class=\"accordion-content has-text-color has-link-color has-black-color has-black-link-color xs-pt-24\">\n                        <p>Bridging Hope ofrece servicios gratuitos y confidenciales de asesoramiento y grupos de apoyo a los supervivientes de agresiones sexuales. Estos profesionales y compa\u00f1eros comprensivos y abiertos pueden ser cruciales para ayudar a los supervivientes a hacer frente a las secuelas psicol\u00f3gicas de la agresi\u00f3n o el abuso. <\/p>\n\n\n                                                <div class=\"buttons xs-pt-24\" data-aos=\"fade-up\">\n                        <a href=\"https:\/\/www.bridginghopega.org\/get-help\/counseling-support-groups\/\" class=\"button button-primary-dark\" target=\"_self\"><span>Saber m\u00e1s<\/span><\/a>                        <\/div>\n                                            <\/div>\n                <\/div>\n                                <div class=\"accordion\" data-aos=\"fade-up\">\n                    <div class=\"accordion-title has-text-color has-link-color has-teal-300-color has-teal-300-link-color\">SAKI<\/div>\n                    <div class=\"accordion-content has-text-color has-link-color has-black-color has-black-link-color xs-pt-24\">\n                        <p>Bridging Hope est\u00e1 comprometida con la defensa y la justicia para las v\u00edctimas de agresiones y abusos sexuales. Por eso somos un centro de la Iniciativa de Kits de Agresi\u00f3n Sexual (SAKI). El objetivo de estos kits es mejorar la respuesta de la justicia penal a las agresiones sexuales centr\u00e1ndose en la acumulaci\u00f3n de kits de agresi\u00f3n sexual no presentados o no probados.  <\/p>\n\n\n                                                <div class=\"buttons xs-pt-24\" data-aos=\"fade-up\">\n                        <a href=\"https:\/\/www.bridginghopega.org\/get-help\/saki\/\" class=\"button button-primary-dark\" target=\"_self\"><span>Saber m\u00e1s<\/span><\/a>                        <\/div>\n                                            <\/div>\n                <\/div>\n                                <div class=\"accordion\" data-aos=\"fade-up\">\n                    <div class=\"accordion-title has-text-color has-link-color has-teal-300-color has-teal-300-link-color\">Educaci\u00f3n preventiva<\/div>\n                    <div class=\"accordion-content has-text-color has-link-color has-black-color has-black-link-color xs-pt-24\">\n                        <p>El conocimiento y la comprensi\u00f3n son fundamentales para disminuir las agresiones y los abusos sexuales, as\u00ed como para mejorar las respuestas a los incidentes y los resultados de los supervivientes. Por eso nuestros defensores se esfuerzan por capacitar a los residentes de nuestra regi\u00f3n de seis condados para que comprendan qu\u00e9 incluye la violencia sexual, c\u00f3mo evitarla y c\u00f3mo responder a ella. <\/p>\n\n\n                                                <div class=\"buttons xs-pt-24\" data-aos=\"fade-up\">\n                        <a href=\"https:\/\/www.bridginghopega.org\/learn\/education\/\" class=\"button button-primary-dark\" target=\"_self\"><span>Saber m\u00e1s<\/span><\/a>                        <\/div>\n                                            <\/div>\n                <\/div>\n                            <\/div>\n        <\/div>\n    <\/div>\n    <\/section>\n<script>\n\t(function($){\n        $('[data-id=\"block_dda0a4f4334638cc5d1b0474d525d62c\"]').find( '.accordion-title' ).on('click', function(e) {\n            e.preventDefault();\n            $(this).toggleClass('active');\n            $(this).next().slideToggle('fast');\n        });\n\t})(jQuery);\n<\/script>\n\n\n<section class=\"split-content-section has-background has-background-color has-text-color default has-transparent-background-color split-content-section-image split-content-section-right\" data-id=\"block_9677a6a677ab9087e494a2ec67cd1697\" data-aos=\"fade-up\">\n    <div class=\"container\">\n        <div class=\"grid grid-bleed\">\n            <div class=\"col-grid lg-col-6-12 offset-lg-col-1-12 order-lg-col-2\">\n                <div class=\"split-content-media split-content-media-image sticky split-content-media-right full-image\">\n                                                                                        <div class=\"split-content-image\" data-aos=\"fade-up\">\n                            <picture>\n                                <source media=\"image\/webp\" srcset=\"https:\/\/www.bridginghopega.org\/wp-content\/uploads\/2025\/06\/group-of-people-1024x683.jpg.webp\">\n                                <img loading=\"lazy\" decoding=\"async\" src=\"https:\/\/www.bridginghopega.org\/wp-content\/uploads\/2025\/06\/group-of-people-1024x683.jpg\" alt=\"group-of-people\" width=\"1440\" height=\"960\">\n                            <\/picture>\n                        <\/div>\n                         \n                     \n                                                                                                                                        <\/div>\n            <\/div>\n\n            <div class=\"col-grid lg-col-5-12 order-lg-col-1\">\n                <div class=\"split-content split-content-left\" data-aos=\"fade-right\" data-aos-delay=\"200\">\n                                        <h3 class=\"has-text-color has-teal-300-color\" data-aos=\"fade-up\">Aqu\u00ed cuando est\u00e9s preparado<\/h3>                    <div class=\"has-text-color has-black-color has-teal-300-link-color\" data-aos=\"fade-up\"><p>No importa cu\u00e1ndo se haya producido una agresi\u00f3n, estamos aqu\u00ed para ti. Por t\u00e9rmino medio, una mujer tarda 10 a\u00f1os en revelar que ha sido agredida sexualmente, y un hombre tarda 20 a\u00f1os en revelar que ha sido agredido. No importa cu\u00e1ndo ocurri\u00f3, los defensores de Bridging Hope est\u00e1n preparados para escuchar -y actuar- siempre que est\u00e9s dispuesta a buscar apoyo. Y que sepas que nunca es demasiado tarde para buscar ayuda.   <\/p>\n<p>Si tienes una emergencia o est\u00e1s en peligro, llama al 911. Si necesitas hablar con un defensor inmediatamente, llama a nuestra l\u00ednea de crisis 24\/7 al <a href=\"tel:770-503-7273\">770-503-7273<\/a>. Si no es una emergencia y deseas hablar con un defensor, rellena nuestro formulario de solicitud de llamada y un defensor se pondr\u00e1 en contacto contigo en horario de oficina.   <\/p>\n<\/div>\n                                            <div class=\"buttons\" data-aos=\"fade-up\">\n                            <a href=\"\/get-help\/request-advocate-call\/\" class=\"button button-primary-reverse\" target=\"_self\"><span>Solicita la llamada de un Defensor<\/span><\/a>                    <\/div>\n                                    <\/div>\n            <\/div>\n        <\/div>\n    <\/div>\n    <\/section>\n","protected":false},"excerpt":{"rendered":"","protected":false},"author":1,"featured_media":0,"parent":0,"menu_order":50,"comment_status":"closed","ping_status":"closed","template":"","meta":{"_acf_changed":true,"footnotes":""},"class_list":["post-602","page","type-page","status-publish","hentry"],"acf":[],"_links":{"self":[{"href":"https:\/\/www.bridginghopega.org\/es\/wp-json\/wp\/v2\/pages\/602","targetHints":{"allow":["GET"]}}],"collection":[{"href":"https:\/\/www.bridginghopega.org\/es\/wp-json\/wp\/v2\/pages"}],"about":[{"href":"https:\/\/www.bridginghopega.org\/es\/wp-json\/wp\/v2\/types\/page"}],"author":[{"embeddable":true,"href":"https:\/\/www.bridginghopega.org\/es\/wp-json\/wp\/v2\/users\/1"}],"replies":[{"embeddable":true,"href":"https:\/\/www.bridginghopega.org\/es\/wp-json\/wp\/v2\/comments?post=602"}],"version-history":[{"count":0,"href":"https:\/\/www.bridginghopega.org\/es\/wp-json\/wp\/v2\/pages\/602\/revisions"}],"wp:attachment":[{"href":"https:\/\/www.bridginghopega.org\/es\/wp-json\/wp\/v2\/media?parent=602"}],"curies":[{"name":"wp","href":"https:\/\/api.w.org\/{rel}","templated":true}]}}