{"id":601,"date":"2025-06-19T11:09:24","date_gmt":"2025-06-19T15:09:24","guid":{"rendered":"https:\/\/www.bridginghopega.org\/sobre-bridging-hope\/oportunidades-de-empleo\/"},"modified":"2025-07-14T14:53:38","modified_gmt":"2025-07-14T18:53:38","slug":"oportunidades-de-empleo","status":"publish","type":"page","link":"https:\/\/www.bridginghopega.org\/es\/sobre-bridging-hope\/oportunidades-de-empleo\/","title":{"rendered":"Oportunidades de empleo"},"content":{"rendered":"<section  class=\"accordion-section has-background has-background-color has-text-color default has-transparent-background-color\" data-id=\"block_07c5bf2773f71f8ea1dad390b1dcb88c\" data-aos=\"fade-in\">\n    <div class=\"container\">\n        <div class=\"grid justify-center\">\n                        <div class=\"col-grid lg-col-10-12 text-center xs-pb-50\">\n                                <h3 class=\"has-text-color has-teal-400-color\" data-aos=\"fade-up\">Marcar la diferencia para ganarse la vida<\/h3>                <div class=\"has-text-color has-black-color has-teal-300-link-color\" data-aos=\"fade-up\"><p>Las oportunidades profesionales disponibles est\u00e1n abiertas a personas dedicadas, solidarias y capaces que quieran marcar la diferencia. Inf\u00f3rmate sobre las oportunidades de empleo y sobre c\u00f3mo puedes unirte a nuestro equipo de profesionales que est\u00e1n marcando una verdadera diferencia en la vida de quienes lo necesitan. <\/p>\n<\/div>                            <\/div>\n                        <div class=\"col-grid col-1-1\">\n\n                                <div class=\"accordion\" data-aos=\"fade-up\">\n                    <div class=\"accordion-title has-text-color has-link-color has-teal-300-color has-teal-300-link-color\">Enfermera Examinadora de Agresiones Sexuales (SANE) contratada<\/div>\n                    <div class=\"accordion-content has-text-color has-link-color has-black-color has-black-link-color xs-pt-24\">\n                        <p><strong>La Enfermera Examinadora de Agresiones Sexuales (SANE)<\/strong> de Bridging Hope, Inc. es una Enfermera Diplomada o de Pr\u00e1ctica Avanzada que ha recibido formaci\u00f3n especializada para atender las complejas necesidades m\u00e9dicas y forenses de pacientes que han sufrido violencia o abusos sexuales. La SANE de Bridging Hope se compromete a proporcionar una atenci\u00f3n culturalmente sensible, adecuada al desarrollo e informada sobre el trauma para optimizar los resultados sanitarios agudos y a largo plazo de todos los clientes atendidos. Este puesto es responsable de colaborar con las fuerzas del orden, los defensores y otros profesionales sanitarios para garantizar la prestaci\u00f3n oportuna de Servicios M\u00e9dicos Forenses a pacientes adultos\/adolescentes denunciantes y no denunciantes. El SANE contratado prestar\u00e1 servicios seg\u00fan sea necesario durante sus turnos de guardia programados. Los examinadores recibir\u00e1n una tarifa por hora de guardia y una tarifa por examen realizado. Los posibles candidatos deben aceptar y ser responsables de cumplir un n\u00famero m\u00ednimo de turnos contratados al mes. Los turnos pueden ser de noche, fines de semana y festivos ocasionales entre las 7 de la ma\u00f1ana y las 7 de la tarde o entre las 7 de la tarde y las 7 de la ma\u00f1ana.      <\/p>\n<p><strong>Cualificaciones preferidas:<\/strong><br \/>\nLicencia en vigor de enfermera titulada (RN) de Georgia<br \/>\nUn m\u00ednimo de 1 a\u00f1o de experiencia en enfermer\u00eda\/atenci\u00f3n directa al paciente<br \/>\nCertificaci\u00f3n BLS<br \/>\nSeguro de responsabilidad civil individual<br \/>\nRealizaci\u00f3n de la formaci\u00f3n did\u00e1ctica y cl\u00ednica SANE para adultos\/adolescentes aprobada por la Asociaci\u00f3n Internacional de Enfermeras Forenses (IAFN) (Los candidatos interesados pueden optar a formaci\u00f3n did\u00e1ctica gratuita al contratar el Programa Bridging Hope SANE).<\/p>\n<p>*Haz clic abajo para leer la descripci\u00f3n completa del puesto<\/p>\n<p>Env\u00eda por correo electr\u00f3nico la solicitud cumplimentada, el curr\u00edculum y la carta de presentaci\u00f3n a <a href=\"mailto:janie@raperesponse.com\">janie@raperesponse.com<\/a><\/p>\n\n\n                                                <div class=\"buttons xs-pt-24\" data-aos=\"fade-up\">\n                        <a href=\"http:\/\/www.raperesponse.com\/wp-content\/uploads\/2022\/12\/Contract-SANE-Nurse-Job-Description-2022.pdf\" class=\"button button-primary-dark\" target=\"_blank\" aria-label=\"El enlace se abre en una nueva ventana del navegador.\" rel=\"noopener\"><span>Leer la descripci\u00f3n completa del puesto<\/span><\/a><a href=\"\/wp-content\/uploads\/2025\/07\/2021-Employment-Application-FT-Fillable.pdf\" class=\"button button-primary-dark\" target=\"_blank\" aria-label=\"El enlace se abre en una nueva ventana del navegador.\" rel=\"noopener\"><span>Aplicaci\u00f3n<\/span><\/a>                        <\/div>\n                                            <\/div>\n                <\/div>\n                                <div class=\"accordion\" data-aos=\"fade-up\">\n                    <div class=\"accordion-title has-text-color has-link-color has-teal-300-color has-teal-300-link-color\">Contrato Educador Preventivo<\/div>\n                    <div class=\"accordion-content has-text-color has-link-color has-black-color has-black-link-color xs-pt-24\">\n                        <p><strong>Los educadores contratados<\/strong> ense\u00f1an nuestro plan de estudios Hablemos\u00a9 a alumnos de secundaria y bachillerato, padres y profesores de toda nuestra \u00e1rea de servicio de seis condados: Condados de Dawson, Forsyth, Habersham, Hall, Lumpkin y White. Este puesto tiene un horario flexible y variable y requiere viajar por toda nuestra \u00e1rea de servicio. Las clases se imparten tanto en persona como virtualmente. Se trata de un puesto financiado con subvenciones, a tiempo parcial y como contratista independiente; las clases var\u00edan semanalmente y son m\u00e1s pesadas durante el a\u00f1o escolar. La mayor\u00eda de las clases se programan con semanas o meses de antelaci\u00f3n. Los educadores contratados cobran 30 $ por clase impartida (normalmente 4 clases en d\u00edas programados &#8211; ocasionalmente hasta 6) y reciben un reembolso de 0,655 $ por milla recorrida hasta y desde cada escuela de nuestra \u00e1rea de servicio de seis condados. Se proporciona una tarifa de 15 $ por formaci\u00f3n, observaci\u00f3n y reuniones.      <\/p>\n<p><strong>Cualificaciones preferidas:<\/strong><br \/>\nLicenciatura (o matr\u00edcula actual en la universidad para obtener una licenciatura) en educaci\u00f3n, servicios humanos, psicolog\u00eda, ciencias sociales y del comportamiento, o campo relacionado<br \/>\nExperiencia\/comodidad trabajando con adolescentes<br \/>\nExperiencia\/comodidad trabajando en educaci\u00f3n<br \/>\nExperiencia\/comodidad hablando en p\u00fablico<br \/>\nConocimientos inform\u00e1ticos, incluidos Word, Excel, Outlook y PowerPoint<\/p>\n<p>*Haz clic a continuaci\u00f3n para leer la descripci\u00f3n completa del puesto<\/p>\n<p>Env\u00eda por correo electr\u00f3nico la solicitud cumplimentada, el curr\u00edculum y la carta de presentaci\u00f3n a <a href=\"mailto:info@raperesponse.com\">info@raperesponse.com<\/a><\/p>\n\n\n                                                <div class=\"buttons xs-pt-24\" data-aos=\"fade-up\">\n                        <a href=\"https:\/\/www.raperesponse.com\/wp-content\/uploads\/2023\/02\/2023-Contract-Prevention-Educator-job-description.pdf\" class=\"button button-primary-dark\" target=\"_blank\" aria-label=\"El enlace se abre en una nueva ventana del navegador.\" rel=\"noopener\"><span>Leer la descripci\u00f3n completa del puesto<\/span><\/a><a href=\"https:\/\/www.raperesponse.com\/wp-content\/uploads\/2023\/02\/Employment-Application-fillable-Educator-2022.pdf\" class=\"button button-primary-dark\" target=\"_blank\" aria-label=\"El enlace se abre en una nueva ventana del navegador.\" rel=\"noopener\"><span>Aplicaci\u00f3n<\/span><\/a>                        <\/div>\n                                            <\/div>\n                <\/div>\n                            <\/div>\n        <\/div>\n    <\/div>\n    <\/section>\n<script>\n\t(function($){\n        $('[data-id=\"block_07c5bf2773f71f8ea1dad390b1dcb88c\"]').find( '.accordion-title' ).on('click', function(e) {\n            e.preventDefault();\n            $(this).toggleClass('active');\n            $(this).next().slideToggle('fast');\n        });\n\t})(jQuery);\n<\/script>\n","protected":false},"excerpt":{"rendered":"","protected":false},"author":1,"featured_media":0,"parent":380,"menu_order":40,"comment_status":"closed","ping_status":"closed","template":"","meta":{"_acf_changed":true,"footnotes":""},"class_list":["post-601","page","type-page","status-publish","hentry"],"acf":[],"_links":{"self":[{"href":"https:\/\/www.bridginghopega.org\/es\/wp-json\/wp\/v2\/pages\/601","targetHints":{"allow":["GET"]}}],"collection":[{"href":"https:\/\/www.bridginghopega.org\/es\/wp-json\/wp\/v2\/pages"}],"about":[{"href":"https:\/\/www.bridginghopega.org\/es\/wp-json\/wp\/v2\/types\/page"}],"author":[{"embeddable":true,"href":"https:\/\/www.bridginghopega.org\/es\/wp-json\/wp\/v2\/users\/1"}],"replies":[{"embeddable":true,"href":"https:\/\/www.bridginghopega.org\/es\/wp-json\/wp\/v2\/comments?post=601"}],"version-history":[{"count":0,"href":"https:\/\/www.bridginghopega.org\/es\/wp-json\/wp\/v2\/pages\/601\/revisions"}],"up":[{"embeddable":true,"href":"https:\/\/www.bridginghopega.org\/es\/wp-json\/wp\/v2\/pages\/380"}],"wp:attachment":[{"href":"https:\/\/www.bridginghopega.org\/es\/wp-json\/wp\/v2\/media?parent=601"}],"curies":[{"name":"wp","href":"https:\/\/api.w.org\/{rel}","templated":true}]}}