{"id":599,"date":"2025-06-19T11:20:08","date_gmt":"2025-06-19T15:20:08","guid":{"rendered":"https:\/\/www.bridginghopega.org\/programa-de-practicas\/"},"modified":"2025-07-15T14:06:52","modified_gmt":"2025-07-15T18:06:52","slug":"programa-de-practicas","status":"publish","type":"page","link":"https:\/\/www.bridginghopega.org\/es\/participa\/programa-de-practicas\/","title":{"rendered":"Programa de pr\u00e1cticas"},"content":{"rendered":"<section class=\"single-content-section has-background has-background-color has-text-color default has-transparent-background-color text-center\" data-id=\"block_89a7bef9341dcc2f95c5b3a1f0749e48\" data-aos=\"fade-in\">\n    <div class=\"container\">\n        <div class=\"grid\">\n            <div class=\"col-grid col-1-1 lg-col-10-12 offset-lg-col-1-12\">\n                                <h2 class=\"h3 has-text-color has-teal-300-color\" data-aos=\"fade-right\">Aprende habilidades valiosas &#8211; Marca una diferencia real<\/h2>                <div class=\"has-text-color has-black-color has-teal-300-link-color\" data-aos=\"fade-up\"><p>En Bridging Hope, nuestro programa de pr\u00e1cticas ofrece a los estudiantes la oportunidad de perfeccionar habilidades que constituyen la base del \u00e9xito en cualquier carrera, al tiempo que les ayuda a marcar una diferencia positiva en la comunidad. Nuestras pr\u00e1cticas ofrecen una situaci\u00f3n especial, y apreciamos profundamente a estas personas comprometidas. <\/p>\n<p>Bridging Hope s\u00f3lo ofrece pr\u00e1cticas no remuneradas. As\u00ed que, si est\u00e1s interesado en aprender habilidades clave para el trabajo y la vida, s\u00f3lo tienes que rellenar nuestro formulario de solicitud, y Bridging Hope se pondr\u00e1 en contacto contigo. <\/p>\n<\/div>\n                                    <div class=\"buttons xs-pt-10 text-center\" data-aos=\"fade-up\">\n                        <a href=\"\/es\/participa\/programa-de-practicas\/solicitud-de-programa-de-practicas\/\" class=\"button button-primary-dark\" target=\"_self\"><span>Solicitar hoy<\/span><\/a>                    <\/div>\n                            <\/div>\n        <\/div>\n    <\/div>\n    <\/section>\n\n<style type=\"text\/css\">@media screen and (max-width: 991px){section[data-id=\"block_5b161d7ad1b78983fa5a3412fbdba0c0\"]{padding-top: 15px;margin-top: 0px;}}@media screen and (min-width: 992px) and (max-width: 1199px){section[data-id=\"block_5b161d7ad1b78983fa5a3412fbdba0c0\"]{padding-top: 15px;margin-top: 0px;}}@media screen and (min-width: 1200px){section[data-id=\"block_5b161d7ad1b78983fa5a3412fbdba0c0\"]{padding-top: 15px;margin-top: 0px;}}<\/style><section  class=\"accordion-section has-background has-background-color has-text-color default has-transparent-background-color\" data-id=\"block_5b161d7ad1b78983fa5a3412fbdba0c0\" data-aos=\"fade-in\">\n    <div class=\"container\">\n        <div class=\"grid justify-center\">\n                        <div class=\"col-grid lg-col-10-12 text-center xs-pb-50\">\n                                <h3 class=\"has-text-color has-teal-300-color\" data-aos=\"fade-up\">Qu\u00e9 hacen nuestros becarios<\/h3>                                            <\/div>\n                        <div class=\"col-grid col-1-1\">\n\n                                <div class=\"accordion\" data-aos=\"fade-up\">\n                    <div class=\"accordion-title has-text-color has-link-color has-teal-300-color has-teal-300-link-color\">Aprender y realizar tareas vitales<\/div>\n                    <div class=\"accordion-content has-text-color has-link-color has-black-color has-black-link-color xs-pt-24\">\n                        <p>Los estudiantes que participan en unas pr\u00e1cticas con Bridging Hope adquieren conocimientos y experiencia en gesti\u00f3n de organizaciones sin \u00e1nimo de lucro, educaci\u00f3n comunitaria y defensa de las v\u00edctimas. Entre las destrezas que aprenden nuestros becarios se incluyen habilidades interpersonales, administraci\u00f3n de programas, organizaci\u00f3n y evaluaci\u00f3n, hablar en p\u00fablico e interactuar bajo el gobierno de una junta directiva. <\/p>\n\n\n                                            <\/div>\n                <\/div>\n                                <div class=\"accordion\" data-aos=\"fade-up\">\n                    <div class=\"accordion-title has-text-color has-link-color has-teal-300-color has-teal-300-link-color\">Funciones del becario<\/div>\n                    <div class=\"accordion-content has-text-color has-link-color has-black-color has-black-link-color xs-pt-24\">\n                        <p>Los becarios que participan en Bridging Hope realizan una amplia gama de tareas que pueden incluir:<\/p>\n<ul>\n<li>Participar en el curso obligatorio de formaci\u00f3n de voluntarios (30 horas de formaci\u00f3n)<\/li>\n<li>Colaborar con el personal y los voluntarios para proporcionar apoyo, defensa y educaci\u00f3n a los supervivientes de agresiones sexuales.<\/li>\n<li>Fomentar las relaciones con el personal de la agencia, los voluntarios y la comunidad<\/li>\n<li>Ayudar al personal con diversas responsabilidades administrativas, como la evaluaci\u00f3n de programas, la cobertura telef\u00f3nica y la organizaci\u00f3n y elaboraci\u00f3n de materiales de marketing y para los medios de comunicaci\u00f3n.<\/li>\n<li>Ayudar a ampliar la participaci\u00f3n de la comunidad asistiendo a reuniones de colaboraci\u00f3n<\/li>\n<li>Ayudar en el desarrollo y realizaci\u00f3n de presentaciones, talleres y sesiones de grupo para la comunidad y representar a Bridging Hope en eventos\/ferias\/exposiciones de la comunidad.<\/li>\n<li>Mejorar los medios sociales existentes y la gesti\u00f3n<\/li>\n<li>Asistir a todas las orientaciones, formaciones programadas y reuniones del comit\u00e9 seg\u00fan sea necesario<\/li>\n<\/ul>\n<p>Comprende que pueden asignarse otras tareas para apoyar los objetivos de Bridging Hope y cumplir los requisitos acad\u00e9micos del becario.<\/p>\n\n\n                                            <\/div>\n                <\/div>\n                                <div class=\"accordion\" data-aos=\"fade-up\">\n                    <div class=\"accordion-title has-text-color has-link-color has-teal-300-color has-teal-300-link-color\">Responsabilidades de los becarios<\/div>\n                    <div class=\"accordion-content has-text-color has-link-color has-black-color has-black-link-color xs-pt-24\">\n                        <p>En Bridging Hope, nuestros becarios no se limitan a tareas aburridas y repetitivas. Aqu\u00ed, tendr\u00e1s la oportunidad de aprender y crecer, mientras: <\/p>\n<ul>\n<li>Reunirte con un supervisor antes del comienzo de las pr\u00e1cticas para elaborar un plan de trabajo que cumpla las expectativas de Bridging Hope y los requisitos acad\u00e9micos<\/li>\n<li>Reunirse con un supervisor un m\u00ednimo de 1 hora a la semana para discutir los progresos, evaluar las intervenciones necesarias y responder a problemas imprevistos<\/li>\n<li>Mantener informado al supervisor de los requisitos acad\u00e9micos y los plazos de las pr\u00e1cticas<\/li>\n<li>Cumplir todos los requisitos asignados tanto por los supervisores acad\u00e9micos como por los supervisores de Bridging Hope<\/li>\n<li>Presentar todos los materiales desarrollados al personal de la agencia para su aprobaci\u00f3n antes de su divulgaci\u00f3n al p\u00fablico.<\/li>\n<li>Mantener una vestimenta y un comportamiento profesional adecuados durante las horas de pr\u00e1cticas<\/li>\n<\/ul>\n<p>NOTA: Esperamos que nuestros becarios -al igual que todo el personal y los voluntarios que participan en Bridging Hope- mantengan la confidencialidad de toda la informaci\u00f3n relativa a los clientes de Bridging Hope.<\/p>\n\n\n                                            <\/div>\n                <\/div>\n                                <div class=\"accordion\" data-aos=\"fade-up\">\n                    <div class=\"accordion-title has-text-color has-link-color has-teal-300-color has-teal-300-link-color\">Requisitos de los becarios<\/div>\n                    <div class=\"accordion-content has-text-color has-link-color has-black-color has-black-link-color xs-pt-24\">\n                        <p>Estas pr\u00e1cticas est\u00e1n disponibles para mayores de 18 a\u00f1os que est\u00e9n interesados en estudiar o est\u00e9n estudiando psicolog\u00eda, sociolog\u00eda, trabajo social, servicios humanos, gesti\u00f3n de organizaciones sin \u00e1nimo de lucro y\/o desarrollo de programas, medios de comunicaci\u00f3n y marketing, comunicaciones o docencia. Se tendr\u00e1n en cuenta otros campos de estudio importantes. <\/p>\n<p>Los becarios DEBEN tener:<br \/>\nTodos los becarios que est\u00e9n interesados en perfeccionar sus habilidades en Bridging Hope deben tener s\u00f3lidas habilidades verbales, escritas e inform\u00e1ticas, competencia cultural, capacidad para trabajar en diversos entornos (oficina, escuela, Urgencias) y s\u00f3lidas habilidades interpersonales. Esto significa que debes poseer <\/p>\n<ul>\n<li>Una escucha activa y una respuesta emp\u00e1tica<\/li>\n<li>Capacidad de interactuar con otros para lograr los resultados esperados<\/li>\n<li>Capacidad para trabajar en equipo<\/li>\n<li>Capacidad para trabajar de forma independiente cuando sea necesario<\/li>\n<li>Capacidad para alinear los objetivos personales con los de Bridging Hope y participar en actividades de colaboraci\u00f3n.<\/li>\n<li>Capacidad y voluntad de autoevaluaci\u00f3n<\/li>\n<li>Capacidad para establecer prioridades, organizar el trabajo y realizar el seguimiento de las tareas.<\/li>\n<\/ul>\n<p><strong><br \/>\nNota Importante:<\/strong> Si eres una superviviente de una agresi\u00f3n sexual, debes tener al menos un a\u00f1o de recuperaci\u00f3n desde que ocurri\u00f3 el incidente antes de poder ser interna en Bridging Hope.<\/p>\n\n\n                                                <div class=\"buttons xs-pt-24\" data-aos=\"fade-up\">\n                        <a href=\"\/es\/participa\/programa-de-practicas\/solicitud-de-programa-de-practicas\/\" class=\"button button-primary-dark\" target=\"_self\"><span>Hazte becario<\/span><\/a>                        <\/div>\n                                            <\/div>\n                <\/div>\n                            <\/div>\n        <\/div>\n    <\/div>\n    <\/section>\n<script>\n\t(function($){\n        $('[data-id=\"block_5b161d7ad1b78983fa5a3412fbdba0c0\"]').find( '.accordion-title' ).on('click', function(e) {\n            e.preventDefault();\n            $(this).toggleClass('active');\n            $(this).next().slideToggle('fast');\n        });\n\t})(jQuery);\n<\/script>\n","protected":false},"excerpt":{"rendered":"","protected":false},"author":1,"featured_media":0,"parent":604,"menu_order":20,"comment_status":"closed","ping_status":"closed","template":"","meta":{"_acf_changed":true,"footnotes":""},"class_list":["post-599","page","type-page","status-publish","hentry"],"acf":[],"_links":{"self":[{"href":"https:\/\/www.bridginghopega.org\/es\/wp-json\/wp\/v2\/pages\/599","targetHints":{"allow":["GET"]}}],"collection":[{"href":"https:\/\/www.bridginghopega.org\/es\/wp-json\/wp\/v2\/pages"}],"about":[{"href":"https:\/\/www.bridginghopega.org\/es\/wp-json\/wp\/v2\/types\/page"}],"author":[{"embeddable":true,"href":"https:\/\/www.bridginghopega.org\/es\/wp-json\/wp\/v2\/users\/1"}],"replies":[{"embeddable":true,"href":"https:\/\/www.bridginghopega.org\/es\/wp-json\/wp\/v2\/comments?post=599"}],"version-history":[{"count":0,"href":"https:\/\/www.bridginghopega.org\/es\/wp-json\/wp\/v2\/pages\/599\/revisions"}],"up":[{"embeddable":true,"href":"https:\/\/www.bridginghopega.org\/es\/wp-json\/wp\/v2\/pages\/604"}],"wp:attachment":[{"href":"https:\/\/www.bridginghopega.org\/es\/wp-json\/wp\/v2\/media?parent=599"}],"curies":[{"name":"wp","href":"https:\/\/api.w.org\/{rel}","templated":true}]}}