{"id":597,"date":"2025-06-19T11:13:38","date_gmt":"2025-06-19T15:13:38","guid":{"rendered":"https:\/\/www.bridginghopega.org\/voluntario\/"},"modified":"2025-07-15T20:49:14","modified_gmt":"2025-07-16T00:49:14","slug":"voluntario","status":"publish","type":"page","link":"https:\/\/www.bridginghopega.org\/es\/participa\/voluntario\/","title":{"rendered":"Voluntario"},"content":{"rendered":"<section class=\"single-content-section has-background has-background-color has-text-color default has-transparente-background-color text-center\" data-id=\"block_0168c8dcc46a78fc111a685baec71281\" data-aos=\"fade-in\">\n    <div class=\"container\">\n        <div class=\"grid\">\n            <div class=\"col-grid col-1-1 lg-col-10-12 offset-lg-col-1-12\">\n                                <h2 class=\"h3 has-text-color has-cerceta-300-color\" data-aos=\"fade-right\">S\u00e9 una luz en la oscuridad<\/h2>                <div class=\"has-text-color has-negro-color has-cerceta-300-link-color\" data-aos=\"fade-up\"><p>Superar con \u00e9xito las secuelas de una agresi\u00f3n sexual requiere valor y determinaci\u00f3n. Tambi\u00e9n supone una gran diferencia que un superviviente tenga un gu\u00eda que le ilumine el camino a seguir. Nuestros maravillosos voluntarios lo hacen a diario. De hecho, Bridging Hope depende de voluntarios para llevar a cabo muchos de nuestros programas y servicios. Si, despu\u00e9s de leer los requisitos y compromisos del voluntariado, est\u00e1s interesado en ser voluntario, rellena nuestra Solicitud de Voluntariado.<\/p>\n<\/div>\n                                    <div class=\"buttons xs-pt-10 text-center\" data-aos=\"fade-up\">\n                        <a href=\"https:\/\/www.bridginghopega.org\/get-involved\/volunteer\/volunteer-application\/\" class=\"button bot\u00f3n-primario-por-defecto\" target=\"_self\"><span>Rellenar una solicitud<\/span><\/a>                    <\/div>\n                            <\/div>\n        <\/div>\n    <\/div>\n    <\/section><section class=\"split-content-section has-background has-background-color has-text-color default has-transparente-background-color split-content-section-image split-content-section-left\" data-id=\"block_ae9b820dc024dbb1822fd1a807587e3b\" data-aos=\"fade-up\">\n    <div class=\"container\">\n        <div class=\"grid grid-bleed\">\n            <div class=\"col-grid lg-col-6-12\">\n                <div class=\"split-content-media split-content-media-image sticky split-content-media-left sticky\">\n                                                                                        <div class=\"split-content-image\" data-aos=\"fade-up\">\n                            <picture>\n                                <source media=\"image\/webp\" srcset=\"https:\/\/www.bridginghopega.org\/wp-content\/uploads\/2025\/06\/sommer-and-jasmine-1.jpg.webp\">\n                                <img loading=\"lazy\" decoding=\"async\" src=\"https:\/\/www.bridginghopega.org\/wp-content\/uploads\/2025\/06\/sommer-and-jasmine-1.jpg\" alt=\"sommer-and-jasmine-1\" width=\"868\" height=\"814\">\n                            <\/picture>\n                        <\/div>\n                         \n                     \n                                                                                                                                        <\/div>\n            <\/div>\n\n            <div class=\"col-grid lg-col-5-12 offset-lg-col-1-12\">\n                <div class=\"split-content split-content-right\" data-aos=\"fade-right\" data-aos-delay=\"200\">\n                                        <h3 class=\"has-text-color has-cerceta-300-color\" data-aos=\"fade-up\">Qu\u00e9 hacen nuestros voluntarios<\/h3>                    <div class=\"has-text-color has-negro-color has-cerceta-300-link-color\" data-aos=\"fade-up\"><p>Los voluntarios de Bridging Hope ayudan de muchas maneras, desde tareas sencillas a complejas, entre las que se incluyen:<\/p>\n<ul>\n<li>Proporcionar apoyo emocional y acompa\u00f1amiento a los supervivientes de agresiones sexuales durante el proceso de examen m\u00e9dico forense (el examen forense suele durar unas 3 horas, pero puede ser m\u00e1s corto o m\u00e1s largo).<\/li>\n<li>Responder a las llamadas de la l\u00ednea de crisis en un plazo de 10 minutos, durante el tiempo de guardia programado<\/li>\n<li>Apoyar el Programa Educativo corrigiendo ex\u00e1menes<\/li>\n<li>Representar a Bridging Hope en la comunidad a trav\u00e9s de eventos y reuniones comunitarias<\/li>\n<li>Ayudar en el montaje y desmontaje de los actos de recaudaci\u00f3n de fondos<\/li>\n<\/ul>\n<\/div>\n                                    <\/div>\n            <\/div>\n        <\/div>\n    <\/div>\n    <\/section>\n<style type=\"text\/css\">@media screen and (max-width: 991px){section[data-id=\"block_7466933c6b6fcc30ca8fc3984cce8a60\"]{padding-top: 15px;margin-top: 0px;}}@media screen and (min-width: 992px) and (max-width: 1199px){section[data-id=\"block_7466933c6b6fcc30ca8fc3984cce8a60\"]{padding-top: 15px;margin-top: 0px;}}@media screen and (min-width: 1200px){section[data-id=\"block_7466933c6b6fcc30ca8fc3984cce8a60\"]{padding-top: 15px;margin-top: 0px;}}<\/style><section  class=\"accordion-section has-background has-background-color has-text-color default has-transparente-background-color\" data-id=\"block_7466933c6b6fcc30ca8fc3984cce8a60\" data-aos=\"fade-in\">\n    <div class=\"container\">\n        <div class=\"grid justify-center\">\n                        <div class=\"col-grid lg-col-10-12 text-center xs-pb-50\">\n                                <h3 class=\"has-text-color has-cerceta-300-color\" data-aos=\"fade-up\">Preguntas frecuentes<\/h3>                                            <\/div>\n                        <div class=\"col-grid col-1-1\">\n\n                                <div class=\"accordion\" data-aos=\"fade-up\">\n                    <div class=\"accordion-title has-text-color has-link-color has-teal-300-color has-teal-300-link-color\">\u00bfQui\u00e9n puede ser voluntario?<\/div>\n                    <div class=\"accordion-content has-text-color has-link-color has-black-color has-black-link-color xs-pt-24\">\n                        <p>Dado que el apoyo a los supervivientes de agresiones y abusos sexuales implica tareas importantes, delicadas y a veces dif\u00edciles, Bridging Hope tiene ciertas directrices que todos los voluntarios deben cumplir. Los voluntarios deben cumplir los siguientes criterios: <\/p>\n<ul>\n<li>Tener 18 a\u00f1os o m\u00e1s<\/li>\n<li>Vivir a unos 30 minutos del centro de Gainesville, Ga<\/li>\n<li>Ser capaz de proporcionar compasi\u00f3n y simpat\u00eda a las personas que sufren un trauma<\/li>\n<li>Ser capaz de responder a una situaci\u00f3n de crisis de forma tranquila y profesional<\/li>\n<\/ul>\n<p>Tambi\u00e9n se pedir\u00e1 a los voluntarios que firmen un contrato de voluntariado y un formulario de acuerdo de confidencialidad.<\/p>\n\n\n                                            <\/div>\n                <\/div>\n                                <div class=\"accordion\" data-aos=\"fade-up\">\n                    <div class=\"accordion-title has-text-color has-link-color has-teal-300-color has-teal-300-link-color\">\u00bfQu\u00e9 tipo de compromiso de tiempo implica?<\/div>\n                    <div class=\"accordion-content has-text-color has-link-color has-black-color has-black-link-color xs-pt-24\">\n                        <p>Nuestros voluntarios atienden con frecuencia nuestro servicio telef\u00f3nico de crisis, adem\u00e1s de interactuar con los supervivientes en persona. Los voluntarios deben ser capaces de donar su tiempo en intervalos espec\u00edficos, incluyendo: <\/p>\n<ul>\n<li>Turnos de guardia que pueden oscilar entre 12 y 24 horas<\/li>\n<li>Cuatro reuniones trimestrales del programa, de 1 hora de duraci\u00f3n, a lo largo del a\u00f1o<\/li>\n<li>30 horas de formaci\u00f3n inicial para voluntarios, as\u00ed como 10 horas anuales de formaci\u00f3n continua (NOTA: Las horas de formaci\u00f3n pueden cumplirse asistiendo a reuniones trimestrales, que incluyen interacciones divertidas entre el personal y los voluntarios, as\u00ed como comidas y formaci\u00f3n adicional).<\/li>\n<\/ul>\n\n\n                                            <\/div>\n                <\/div>\n                                <div class=\"accordion\" data-aos=\"fade-up\">\n                    <div class=\"accordion-title has-text-color has-link-color has-teal-300-color has-teal-300-link-color\">\u00bfC\u00f3mo es la formaci\u00f3n de los voluntarios?<\/div>\n                    <div class=\"accordion-content has-text-color has-link-color has-black-color has-black-link-color xs-pt-24\">\n                        <p>Nos aseguramos de que nuestros voluntarios est\u00e9n preparados para las tareas que les pedimos que realicen, y lo hacemos asegur\u00e1ndonos de que reciben todo lo que necesitan, sin abrumarlos. La formaci\u00f3n de los voluntarios se presenta en un formato h\u00edbrido a lo largo de una semana. Consiste en material de formaci\u00f3n independiente completado antes de la semana de formaci\u00f3n, llamadas de Zoom con profesionales por las tardes y dos jornadas presenciales de 8 horas, que suelen celebrarse los fines de semana. Bridging Hope realiza la formaci\u00f3n de nuevos voluntarios a intervalos constantes, por lo que no tendr\u00e1s que esperar mucho para ayudar.<\/p>\n\n\n                                            <\/div>\n                <\/div>\n                                <div class=\"accordion\" data-aos=\"fade-up\">\n                    <div class=\"accordion-title has-text-color has-link-color has-teal-300-color has-teal-300-link-color\">\u00bfC\u00f3mo me hago voluntario?<\/div>\n                    <div class=\"accordion-content has-text-color has-link-color has-black-color has-black-link-color xs-pt-24\">\n                        <p>Convertirse en una fuerza del bien es sencillo y gratificante. Para iniciar el procedimiento, s\u00f3lo tienes que rellenar una solicitud de voluntariado. A partir de ah\u00ed, programaremos una entrevista personal para reunirnos contigo.<\/p>\n<p>Por favor, ten en cuenta que TODOS los voluntarios deben completar nuestro curso de formaci\u00f3n de voluntarios de 30 horas. Tambi\u00e9n se requiere una verificaci\u00f3n de antecedentes pagada por Bridging Hope antes del voluntariado.<\/p>\n\n\n                                                <div class=\"buttons xs-pt-24\" data-aos=\"fade-up\">\n                        <a href=\"https:\/\/www.bridginghopega.org\/get-involved\/volunteer\/volunteer-application\/\" class=\"button bot\u00f3n-primario-por-defecto\" target=\"_self\"><span>Hazte voluntario<\/span><\/a>                        <\/div>\n                                            <\/div>\n                <\/div>\n                            <\/div>\n        <\/div>\n    <\/div>\n    <\/section>\n<script>\n\t(function($){\n        $('[data-id=\"block_7466933c6b6fcc30ca8fc3984cce8a60\"]').find( '.accordion-title' ).on('click', function(e) {\n            e.preventDefault();\n            $(this).toggleClass('active');\n            $(this).next().slideToggle('fast');\n        });\n\t})(jQuery);\n<\/script>\n<style type=\"text\/css\">@media screen and (max-width: 991px){section[data-id=\"block_cd702eb29ade808ae8e1de07bf3bdb75\"]{padding-top: 0px;margin-top: 0px;}}@media screen and (min-width: 992px) and (max-width: 1199px){section[data-id=\"block_cd702eb29ade808ae8e1de07bf3bdb75\"]{padding-top: 0px;margin-top: 0px;}}@media screen and (min-width: 1200px){section[data-id=\"block_cd702eb29ade808ae8e1de07bf3bdb75\"]{padding-top: 0px;margin-top: 0px;}}<\/style><section class=\"cta-section default\" data-id=\"block_cd702eb29ade808ae8e1de07bf3bdb75\" data-aos=\"fade-in\">\n    <div class=\"cta cta-single has-background has-background-color has-cerceta-100-background-color has-image jarallax has-opacity\">\n        <div class=\"container\">\n            <div class=\"grid\">\n                <div class=\"col-grid lg-col-10-12 offset-lg-col-1-12\">\n                                        <h2 class=\"h4 has-text-color has-teal-500-color\" data-aos=\"fade-up\">\u00bfA\u00fan quieres m\u00e1s informaci\u00f3n?<\/h2>\n                    <div class=\"has-text-color has-black-color has-black-link-color\" data-aos=\"fade-up\"><p>Entendemos que comprometerse con Bridging Hope es un gran paso, y estamos encantados de que est\u00e9s considerando darlo. Tambi\u00e9n entendemos si quieres m\u00e1s informaci\u00f3n antes de decidirte. Por eso, si quieres hablar con un profesional de Tendiendo Puentes a la Esperanza, estaremos encantados de dedicarte nuestro tiempo.<\/p>\n<\/div>                                            <div class=\"buttons justify-center\" data-aos=\"fade-up\">\n                            <a href=\"tel:770-503-7273\" class=\"button bot\u00f3n-secundario-oscuro\" target=\"_self\"><span>Ll\u00e1manos<\/span><\/a><a href=\"mailto:abby@bridginghopega.org\" class=\"button bot\u00f3n-secundario-oscuro\" target=\"_self\"><span>Env\u00edanos un correo electr\u00f3nico<\/span><\/a>                        <\/div>\n                                        <\/div>\n            <\/div>\n        <\/div>\n\n                <picture class=\"jarallax-img\">\n            <source media=\"image\/webp\" srcset=\"https:\/\/www.bridginghopega.org\/wp-content\/uploads\/2025\/06\/brandmark.png.webp\">\n            <img loading=\"lazy\" decoding=\"async\" src=\"https:\/\/www.bridginghopega.org\/wp-content\/uploads\/2025\/06\/brandmark.png\" alt=\"Bridging Hope Brandmark\" width=\"1920\" height=\"962\"\/>\n        <\/picture>\n            <\/div>\n<\/section>","protected":false},"excerpt":{"rendered":"","protected":false},"author":1,"featured_media":0,"parent":604,"menu_order":10,"comment_status":"closed","ping_status":"closed","template":"","meta":{"_acf_changed":true,"footnotes":""},"class_list":["post-597","page","type-page","status-publish","hentry"],"acf":[],"_links":{"self":[{"href":"https:\/\/www.bridginghopega.org\/es\/wp-json\/wp\/v2\/pages\/597","targetHints":{"allow":["GET"]}}],"collection":[{"href":"https:\/\/www.bridginghopega.org\/es\/wp-json\/wp\/v2\/pages"}],"about":[{"href":"https:\/\/www.bridginghopega.org\/es\/wp-json\/wp\/v2\/types\/page"}],"author":[{"embeddable":true,"href":"https:\/\/www.bridginghopega.org\/es\/wp-json\/wp\/v2\/users\/1"}],"replies":[{"embeddable":true,"href":"https:\/\/www.bridginghopega.org\/es\/wp-json\/wp\/v2\/comments?post=597"}],"version-history":[{"count":0,"href":"https:\/\/www.bridginghopega.org\/es\/wp-json\/wp\/v2\/pages\/597\/revisions"}],"up":[{"embeddable":true,"href":"https:\/\/www.bridginghopega.org\/es\/wp-json\/wp\/v2\/pages\/604"}],"wp:attachment":[{"href":"https:\/\/www.bridginghopega.org\/es\/wp-json\/wp\/v2\/media?parent=597"}],"curies":[{"name":"wp","href":"https:\/\/api.w.org\/{rel}","templated":true}]}}