{"id":596,"date":"2025-06-19T11:11:45","date_gmt":"2025-06-19T15:11:45","guid":{"rendered":"https:\/\/www.bridginghopega.org\/educacion-preventiva\/"},"modified":"2025-07-15T20:49:13","modified_gmt":"2025-07-16T00:49:13","slug":"educacion-preventiva","status":"publish","type":"page","link":"https:\/\/www.bridginghopega.org\/es\/servicios\/educacion-preventiva\/","title":{"rendered":"Educaci\u00f3n preventiva"},"content":{"rendered":"<section class=\"single-content-section has-background has-background-color has-text-color default has-transparente-background-color text-left\" data-id=\"block_e05ae6055067c500490e89e4f45d0fb4\" data-aos=\"fade-in\">\n    <div class=\"container\">\n        <div class=\"grid\">\n            <div class=\"col-grid col-1-1 lg-col-10-12 offset-lg-col-1-12\">\n                                <h2 class=\"h3 has-text-color has-cerceta-300-color\" data-aos=\"fade-right\">Hacer de nuestra comunidad un lugar mejor<\/h2>                <div class=\"has-text-color has-negro-color has-cerceta-300-link-color\" data-aos=\"fade-up\"><p>Est\u00e1 demostrado que educar a los miembros de la comunidad sobre las realidades de la agresi\u00f3n sexual puede ayudar a reducir los incidentes y mejorar los resultados y las respuestas cuando se producen. Por eso a Bridging Hope le apasiona concienciar y educar a nuestras comunidades sobre la agresi\u00f3n sexual. <\/p>\n<\/div>\n                            <\/div>\n        <\/div>\n    <\/div>\n    <\/section><section class=\"split-content-section has-background has-background-color has-text-color default has-transparente-background-color split-content-section-image split-content-section-left\" data-id=\"block_f869421596e406968fa455f02bc5b296\" data-aos=\"fade-up\">\n    <div class=\"container\">\n        <div class=\"grid grid-bleed\">\n            <div class=\"col-grid lg-col-6-12\">\n                <div class=\"split-content-media split-content-media-image sticky split-content-media-left sticky\">\n                                                                                        <div class=\"split-content-image\" data-aos=\"fade-up\">\n                            <picture>\n                                <source media=\"image\/webp\" srcset=\"https:\/\/www.bridginghopega.org\/wp-content\/uploads\/2025\/06\/group-of-people-1024x683.jpg.webp\">\n                                <img loading=\"lazy\" decoding=\"async\" src=\"https:\/\/www.bridginghopega.org\/wp-content\/uploads\/2025\/06\/group-of-people-1024x683.jpg\" alt=\"group-of-people\" width=\"1440\" height=\"960\">\n                            <\/picture>\n                        <\/div>\n                         \n                     \n                                                                                                                                        <\/div>\n            <\/div>\n\n            <div class=\"col-grid lg-col-5-12 offset-lg-col-1-12\">\n                <div class=\"split-content split-content-right\" data-aos=\"fade-right\" data-aos-delay=\"200\">\n                                        <h3 class=\"has-text-color has-cerceta-300-color\" data-aos=\"fade-up\">Formaci\u00f3n comunitaria y profesional<\/h3>                    <div class=\"has-text-color has-negro-color has-cerceta-300-link-color\" data-aos=\"fade-up\"><p>Nuestros profesionales, formados, experimentados y atractivos, saben c\u00f3mo interactuar con miembros de la comunidad de todas las edades, profesiones y condiciones sociales en nuestros esfuerzos por aumentar la concienciaci\u00f3n sobre las agresiones sexuales. Llevamos a cabo programas en una amplia gama de entornos y siempre nos complace llevar nuestra experiencia a nuevos p\u00fablicos. <\/p>\n<\/div>\n                                    <\/div>\n            <\/div>\n        <\/div>\n    <\/div>\n    <\/section>\n<section class=\"split-content-section has-background has-background-color has-text-color default has-transparente-background-color split-content-section-image split-content-section-right\" data-id=\"block_f14b73cc8c02007a5023a1e0ee269b8d\" data-aos=\"fade-up\">\n    <div class=\"container\">\n        <div class=\"grid grid-bleed\">\n            <div class=\"col-grid lg-col-6-12 offset-lg-col-1-12 order-lg-col-2\">\n                <div class=\"split-content-media split-content-media-image sticky split-content-media-right sticky\">\n                                                                                        <div class=\"split-content-image\" data-aos=\"fade-up\">\n                            <picture>\n                                <source media=\"image\/webp\" srcset=\"https:\/\/www.bridginghopega.org\/wp-content\/uploads\/2025\/06\/teacher-students-1024x683.jpg.webp\">\n                                <img loading=\"lazy\" decoding=\"async\" src=\"https:\/\/www.bridginghopega.org\/wp-content\/uploads\/2025\/06\/teacher-students-1024x683.jpg\" alt=\"teacher-students\" width=\"1920\" height=\"1280\">\n                            <\/picture>\n                        <\/div>\n                         \n                     \n                                                                                                                                        <\/div>\n            <\/div>\n\n            <div class=\"col-grid lg-col-5-12 order-lg-col-1\">\n                <div class=\"split-content split-content-left\" data-aos=\"fade-right\" data-aos-delay=\"200\">\n                                        <h3 class=\"has-text-color has-cerceta-300-color\" data-aos=\"fade-up\">Lo que ense\u00f1amos<\/h3>                    <div class=\"has-text-color has-negro-color has-cerceta-300-link-color\" data-aos=\"fade-up\"><p>Bridging Hope proporciona formaci\u00f3n comunitaria y profesional sobre los siguientes temas (entre otros):<\/p>\n<ul>\n<li>El impacto del trauma<\/li>\n<li>Investigaciones basadas en el trauma<\/li>\n<li>De la Oscuridad a la Luz, formaci\u00f3n de Administradores de la Infancia<\/li>\n<li>Autocuidado para profesionales de la ayuda<\/li>\n<li>Respuesta a la agresi\u00f3n sexual<\/li>\n<\/ul>\n<\/div>\n                                    <\/div>\n            <\/div>\n        <\/div>\n    <\/div>\n    <\/section>\n<style type=\"text\/css\">@media screen and (max-width: 991px){section[data-id=\"block_7d029e21818bdd7317c1596e5aebaae4\"]{padding-top: 0px;margin-top: 0px;}}@media screen and (min-width: 992px) and (max-width: 1199px){section[data-id=\"block_7d029e21818bdd7317c1596e5aebaae4\"]{padding-top: 0px;margin-top: 0px;}}@media screen and (min-width: 1200px){section[data-id=\"block_7d029e21818bdd7317c1596e5aebaae4\"]{padding-top: 0px;margin-top: 0px;}}<\/style><section  class=\"accordion-section has-background has-background-color has-text-color default has-transparente-background-color\" data-id=\"block_7d029e21818bdd7317c1596e5aebaae4\" data-aos=\"fade-in\">\n    <div class=\"container\">\n        <div class=\"grid justify-center\">\n                        <div class=\"col-grid lg-col-10-12 text-center xs-pb-50\">\n                                <h3 class=\"has-text-color has-cerceta-300-color\" data-aos=\"fade-up\">Programas educativos<\/h3>                                            <\/div>\n                        <div class=\"col-grid col-1-1\">\n\n                                <div class=\"accordion\" data-aos=\"fade-up\">\n                    <div class=\"accordion-title has-text-color has-link-color has-teal-300-color has-teal-300-link-color\">Hablemos\u00a9<\/div>\n                    <div class=\"accordion-content has-text-color has-link-color has-black-color has-black-link-color xs-pt-24\">\n                        <p>Los programas educativos protegidos por derechos de autor Hablemos\u00a9 de Bridging Hope est\u00e1n dedicados a capacitar a los adolescentes y a sus padres, abuelos y tutores con conocimientos sobre din\u00e1micas de relaci\u00f3n sanas, l\u00edmites personales y leyes dise\u00f1adas para protegerles durante sus a\u00f1os m\u00e1s vulnerables.<br \/>\nLos programas Hablemos\u00a9 se ofrecen a estudiantes de secundaria, bachillerato y universidad de nuestra \u00e1rea de servicio de seis condados y proporcionan un entorno de aprendizaje seguro y abierto en el que las clases se imparten con sensibilidad y honestidad. El programa ha recibido comentarios entusiastas y positivos tanto de padres como de profesores y alumnos. <\/p>\n<p>Los conceptos centrales del plan de estudios Hablemos\u00a9 incluyen:<\/p>\n<ul>\n<li>Comprender la legislaci\u00f3n de Georgia sobre violaci\u00f3n, agresi\u00f3n sexual y estupro<\/li>\n<li>Definiciones de consentimiento y coacci\u00f3n<\/li>\n<li>Reducir el riesgo de implicaci\u00f3n personal en agresiones sexuales<\/li>\n<li>C\u00f3mo responder si un amigo sufre una agresi\u00f3n sexual<\/li>\n<li>Consejos sobre relaciones sanas y comunicaci\u00f3n de l\u00edmites<\/li>\n<li>Implicaciones personales y legales del \u00absexting\u00bb<\/li>\n<li>C\u00f3mo tomar decisiones inteligentes al utilizar las redes sociales<\/li>\n<\/ul>\n<p>Para m\u00e1s informaci\u00f3n sobre c\u00f3mo programar una sesi\u00f3n de Hablemos, llama al <a href=\"tel:770-503-7273\">770-503-7273<\/a> o env\u00edanos un correo electr\u00f3nico.<\/p>\n<p>&nbsp;<\/p>\n\n\n                                                <div class=\"buttons xs-pt-24\" data-aos=\"fade-up\">\n                        <a href=\"mailto:education@bridginghopega.org\" class=\"button bot\u00f3n-primario-por-defecto\" target=\"_self\"><span>Env\u00edanos un correo electr\u00f3nico hoy mismo<\/span><\/a>                        <\/div>\n                                            <\/div>\n                <\/div>\n                                <div class=\"accordion\" data-aos=\"fade-up\">\n                    <div class=\"accordion-title has-text-color has-link-color has-teal-300-color has-teal-300-link-color\">Educar al educador<\/div>\n                    <div class=\"accordion-content has-text-color has-link-color has-black-color has-black-link-color xs-pt-24\">\n                        <p>Educa al Educador de Bridging Hope est\u00e1 dise\u00f1ado espec\u00edficamente para que los profesores y el personal escolar apoyen el bienestar de los alumnos. Proporciona una visi\u00f3n general de las presentaciones de Hablemos\u00a9 y trata temas adicionales como: <\/p>\n<ul>\n<li>Reconocer las se\u00f1ales de abuso<\/li>\n<li>L\u00edmites saludables y violencia entre parejas adolescentes<\/li>\n<li>Sexting, sextorsi\u00f3n y realidades jur\u00eddicas<\/li>\n<li>Adolescentes y pornograf\u00eda<\/li>\n<li>Ense\u00f1anza basada en el trauma<\/li>\n<li>Medicina Social y Salud Mental<\/li>\n<li>Reducir el riesgo de tr\u00e1fico sexual<\/li>\n<li>Ciberseguridad y elecciones inteligentes en las redes sociales<\/li>\n<\/ul>\n<p>Para m\u00e1s informaci\u00f3n sobre c\u00f3mo programar Educar al Educador en tu centro escolar, llama al <a href=\"tel:770-503-7273\">(770) 503-7273<\/a> o <a href=\"mailto:education@bridginghopega.org\">env\u00edanos un correo electr\u00f3nico<\/a>.<\/p>\n<p>&nbsp;<\/p>\n\n\n                                                <div class=\"buttons xs-pt-24\" data-aos=\"fade-up\">\n                        <a href=\"mailto:education@bridginghopega.org\" class=\"button bot\u00f3n-primario-por-defecto\" target=\"_self\"><span>Env\u00edanos un correo electr\u00f3nico hoy mismo<\/span><\/a>                        <\/div>\n                                            <\/div>\n                <\/div>\n                                <div class=\"accordion\" data-aos=\"fade-up\">\n                    <div class=\"accordion-title has-text-color has-link-color has-teal-300-color has-teal-300-link-color\">Respuesta inteligente<\/div>\n                    <div class=\"accordion-content has-text-color has-link-color has-black-color has-black-link-color xs-pt-24\">\n                        <p>Bridging Hope entiende que criar adolescentes en la era digital de hoy en d\u00eda conlleva retos \u00fanicos. Por eso hemos creado el programa Respuesta Inteligente. Dise\u00f1ado para padres, tutores y abuelos, Respuesta Inteligente ofrece una visi\u00f3n general de los temas clave tratados en las presentaciones de Hablemos\u00a9. Luego profundiza en \u00e1reas cr\u00edticas de la vida adolescente, como:   <\/p>\n<ul>\n<li>L\u00edmites saludables y violencia entre parejas adolescentes<\/li>\n<li>Sexting, sextorsi\u00f3n y realidades jur\u00eddicas<\/li>\n<li>Adolescentes y pornograf\u00eda<\/li>\n<li>Estrategias de crianza activa<\/li>\n<li>Ciberseguridad y elecciones inteligentes en las redes sociales<\/li>\n<li>Medicina Social y Salud Mental<\/li>\n<li>Reducir el riesgo de tr\u00e1fico sexual<\/li>\n<\/ul>\n<p>Para m\u00e1s informaci\u00f3n sobre Smart Response, llama al <a href=\"tel:7705037273\">770-503-7273<\/a> o <a href=\"mailto:education@bridginghopega.org\">env\u00edanos un correo electr\u00f3nico<\/a>.<\/p>\n\n\n                                                <div class=\"buttons xs-pt-24\" data-aos=\"fade-up\">\n                        <a href=\"mailto:education@bridginghopega.org\" class=\"button bot\u00f3n-primario-por-defecto\" target=\"_self\"><span>Env\u00edanos un correo electr\u00f3nico hoy mismo<\/span><\/a>                        <\/div>\n                                            <\/div>\n                <\/div>\n                                <div class=\"accordion\" data-aos=\"fade-up\">\n                    <div class=\"accordion-title has-text-color has-link-color has-teal-300-color has-teal-300-link-color\">Oportunidades de educaci\u00f3n profesional y comunitaria<\/div>\n                    <div class=\"accordion-content has-text-color has-link-color has-black-color has-black-link-color xs-pt-24\">\n                        <p><strong>Trabajamos con los primeros intervinientes<\/strong><\/p>\n<p>Los profesionales expertos y formados de Bridging Hope trabajan con organismos m\u00e9dicos, jur\u00eddicos, policiales y de otro tipo implicados con supervivientes de agresiones sexuales para ayudarles a comprender la realidad de estas situaciones. Los temas tratados en estas formaciones pueden incluir: el impacto del trauma, las investigaciones informadas por el trauma y los servicios de Bridging Hope. Bridging Hope se complace en proporcionar ponentes para organizaciones locales en un esfuerzo por concienciar y proporcionar educaci\u00f3n sobre la agresi\u00f3n sexual.  <\/p>\n\n\n                                                <div class=\"buttons xs-pt-24\" data-aos=\"fade-up\">\n                        <a href=\"\/resources\/request-a-speaker\/\" class=\"button bot\u00f3n-primario-por-defecto\" target=\"_self\"><span>Solicitar una presentaci\u00f3n educativa<\/span><\/a>                        <\/div>\n                                            <\/div>\n                <\/div>\n                                <div class=\"accordion\" data-aos=\"fade-up\">\n                    <div class=\"accordion-title has-text-color has-link-color has-teal-300-color has-teal-300-link-color\">Coordinaci\u00f3n del Equipo de Respuesta a la Agresi\u00f3n Sexual<\/div>\n                    <div class=\"accordion-content has-text-color has-link-color has-black-color has-black-link-color xs-pt-24\">\n                        <p>Bridging Hope organiza reuniones trimestrales del SART (Equipo de Respuesta a la Agresi\u00f3n Sexual), que tienen por objeto revisar casos y evaluar respuestas sist\u00e9micas para satisfacer mejor las necesidades de los supervivientes de agresiones sexuales. Entre los miembros del SART hay agentes de la ley, fiscales y SANE (enfermeras examinadoras de agresiones sexuales). Bridging Hope se enorgullece de mantener s\u00f3lidas asociaciones de colaboraci\u00f3n, que a su vez ayudan a proporcionar a los supervivientes la mejor respuesta colectiva.<\/p>\n\n\n                                            <\/div>\n                <\/div>\n                            <\/div>\n        <\/div>\n    <\/div>\n    <\/section>\n<script>\n\t(function($){\n        $('[data-id=\"block_7d029e21818bdd7317c1596e5aebaae4\"]').find( '.accordion-title' ).on('click', function(e) {\n            e.preventDefault();\n            $(this).toggleClass('active');\n            $(this).next().slideToggle('fast');\n        });\n\t})(jQuery);\n<\/script>\n<section class=\"cta-section default\" data-id=\"block_21259abb6a9aa5aebb444ee02b61074d\" data-aos=\"fade-in\">\n    <div class=\"cta cta-single has-background has-background-color has-cerceta-100-background-color\">\n        <div class=\"container\">\n            <div class=\"grid\">\n                <div class=\"col-grid lg-col-10-12 offset-lg-col-1-12\">\n                                        <h2 class=\"h4 has-text-color has-teal-500-color\" data-aos=\"fade-up\">Solicitar una formaci\u00f3n<\/h2>\n                    <div class=\"has-text-color has-black-color has-black-link-color\" data-aos=\"fade-up\"><p>Llama a Bridging Hope al <a href=\"tel:7705037273\">(770) 503-7273<\/a> o rellena el formulario de solicitud de ponente para informarte sobre cursos de formaci\u00f3n para tu agencia u organizaci\u00f3n.<\/p>\n<\/div>                                            <div class=\"buttons justify-center\" data-aos=\"fade-up\">\n                            <a href=\"https:\/\/www.bridginghopega.org\/about-us\/request-a-speaker\/\" class=\"button bot\u00f3n-primario-por-defecto\" target=\"_self\"><span>Formulario de solicitud de ponente<\/span><\/a>                        <\/div>\n                                        <\/div>\n            <\/div>\n        <\/div>\n\n            <\/div>\n<\/section>","protected":false},"excerpt":{"rendered":"","protected":false},"author":1,"featured_media":0,"parent":602,"menu_order":10,"comment_status":"closed","ping_status":"closed","template":"","meta":{"_acf_changed":false,"footnotes":""},"class_list":["post-596","page","type-page","status-publish","hentry"],"acf":[],"_links":{"self":[{"href":"https:\/\/www.bridginghopega.org\/es\/wp-json\/wp\/v2\/pages\/596","targetHints":{"allow":["GET"]}}],"collection":[{"href":"https:\/\/www.bridginghopega.org\/es\/wp-json\/wp\/v2\/pages"}],"about":[{"href":"https:\/\/www.bridginghopega.org\/es\/wp-json\/wp\/v2\/types\/page"}],"author":[{"embeddable":true,"href":"https:\/\/www.bridginghopega.org\/es\/wp-json\/wp\/v2\/users\/1"}],"replies":[{"embeddable":true,"href":"https:\/\/www.bridginghopega.org\/es\/wp-json\/wp\/v2\/comments?post=596"}],"version-history":[{"count":0,"href":"https:\/\/www.bridginghopega.org\/es\/wp-json\/wp\/v2\/pages\/596\/revisions"}],"up":[{"embeddable":true,"href":"https:\/\/www.bridginghopega.org\/es\/wp-json\/wp\/v2\/pages\/602"}],"wp:attachment":[{"href":"https:\/\/www.bridginghopega.org\/es\/wp-json\/wp\/v2\/media?parent=596"}],"curies":[{"name":"wp","href":"https:\/\/api.w.org\/{rel}","templated":true}]}}