{"id":593,"date":"2025-06-19T11:10:55","date_gmt":"2025-06-19T15:10:55","guid":{"rendered":"https:\/\/www.bridginghopega.org\/asesoramiento-y-grupos-de-apoyo\/"},"modified":"2025-07-15T13:51:47","modified_gmt":"2025-07-15T17:51:47","slug":"asesoramiento-y-grupos-de-apoyo","status":"publish","type":"page","link":"https:\/\/www.bridginghopega.org\/es\/servicios\/asesoramiento-y-grupos-de-apoyo\/","title":{"rendered":"Asesoramiento y grupos de apoyo"},"content":{"rendered":"<style type=\"text\/css\">@media screen and (max-width: 991px){section[data-id=\"block_d5c2aefaecc864dff65569165230ea2f\"]{padding-top: 30px;padding-bottom: 0px;margin-top: 30px;margin-bottom: 0px;}}@media screen and (min-width: 992px) and (max-width: 1199px){section[data-id=\"block_d5c2aefaecc864dff65569165230ea2f\"]{padding-top: 30px;padding-bottom: 0px;margin-top: 30px;margin-bottom: 0px;}}@media screen and (min-width: 1200px){section[data-id=\"block_d5c2aefaecc864dff65569165230ea2f\"]{padding-top: 30px;padding-bottom: 0px;margin-top: 30px;margin-bottom: 0px;}}<\/style><section class=\"single-content-section has-background has-background-color has-text-color default has-transparent-background-color text-center\" data-id=\"block_d5c2aefaecc864dff65569165230ea2f\" data-aos=\"fade-in\">\n    <div class=\"container\">\n        <div class=\"grid\">\n            <div class=\"col-grid col-1-1 lg-col-10-12 offset-lg-col-1-12\">\n                                                <div class=\"has-text-color has-black-color has-teal-300-link-color\" data-aos=\"fade-up\"><p>Los efectos a corto y largo plazo de la agresi\u00f3n y el abuso sexual pueden alterar dr\u00e1sticamente la vida de una persona sobreviviente y generar una amplia gama de dificultades psicol\u00f3gicas, no solo para ella. Las relaciones de la persona sobreviviente con sus seres queridos y familiares tambi\u00e9n pueden verse afectadas. Sin embargo, la terapia profesional y el apoyo entre pares pueden ofrecer un alivio crucial para el trauma mental y psicol\u00f3gico que puede acompa\u00f1ar estos sucesos, y animamos a todas las personas sobrevivientes a buscar terapia profesional tras un abuso sexual.<\/p>\n<\/div>\n                            <\/div>\n        <\/div>\n    <\/div>\n    <\/section>\n\n<style type=\"text\/css\">@media screen and (max-width: 991px){section[data-id=\"block_b6674f672e1e49d5a87489f4b2e66cbd\"]{padding-top: 30px;padding-bottom: 0px;margin-bottom: 0px;}}@media screen and (min-width: 992px) and (max-width: 1199px){section[data-id=\"block_b6674f672e1e49d5a87489f4b2e66cbd\"]{padding-top: 30px;padding-bottom: 0px;margin-bottom: 0px;}}@media screen and (min-width: 1200px){section[data-id=\"block_b6674f672e1e49d5a87489f4b2e66cbd\"]{padding-top: 30px;padding-bottom: 0px;margin-bottom: 0px;}}<\/style><section class=\"single-content-section has-background has-background-color has-text-color default has-transparent-background-color text-center\" data-id=\"block_b6674f672e1e49d5a87489f4b2e66cbd\" data-aos=\"fade-in\">\n    <div class=\"container\">\n        <div class=\"grid\">\n            <div class=\"col-grid col-1-1 lg-col-10-12 offset-lg-col-1-12\">\n                                <h2 class=\"h3 has-text-color has-teal-300-color\" data-aos=\"fade-right\">Reciba asesoramiento y apoyo gratuitos<\/h2>                <div class=\"has-text-color has-black-color has-teal-300-link-color\" data-aos=\"fade-up\"><p>Bridging Hope ofrece servicios gratuitos y confidenciales de consejer\u00eda y grupos de apoyo a sobrevivientes de agresi\u00f3n sexual en nuestra \u00e1rea de servicio, que incluye los condados de Dawson, Habersham, Hall, Forsyth, Lumpkin y White en Georgia. Nuestros expertos capacitados reconocen y creen en los enfoques de salud mental que ofrecemos y han visto la diferencia que pueden marcar en la vida de una sobreviviente. Tambi\u00e9n ofrecemos referencias a otros terapeutas de confianza en el norte de Georgia.<\/p>\n<\/div>\n                            <\/div>\n        <\/div>\n    <\/div>\n    <\/section>\n\n<style type=\"text\/css\">@media screen and (max-width: 991px){section[data-id=\"block_d3de68ead4a3397552e699cd3ca7853a\"]{padding-top: 30px;margin-top: 30px;}}@media screen and (min-width: 992px) and (max-width: 1199px){section[data-id=\"block_d3de68ead4a3397552e699cd3ca7853a\"]{padding-top: 30px;margin-top: 30px;}}@media screen and (min-width: 1200px){section[data-id=\"block_d3de68ead4a3397552e699cd3ca7853a\"]{padding-top: 30px;margin-top: 30px;}}<\/style><section class=\"tabbed-content-section has-background has-background-color has-text-color default has-transparent-background-color\" data-id=\"block_d3de68ead4a3397552e699cd3ca7853a\" data-aos=\"fade-in\">\n    <div class=\"container\">\n                <div class=\"grid justify-center xs-pb-40 lg-pb-80\">\n            <div class=\"col-grid xxl-col-8-12 text-center\">\n                                <h2 class=\"has-text-color has-teal-300-color\" data-aos=\"fade-right\">Nuestros focos de salud mental<\/h2>                <div class=\"has-text-color has-black-color has-teal-300-link-color\" data-aos=\"fade-up\"><p>En Bridging Hope, los supervivientes pueden recibir distintas modalidades de atenci\u00f3n y apoyo a la salud mental, entre las que se incluyen:<\/p>\n<\/div>\n                            <\/div>\n        <\/div>\n                \n        <ul class=\"tabbed-content-tabs\">\n                        <li data-id=\"block_d3de68ead4a3397552e699cd3ca7853a_tab_1\" class=\"\">Terapia centrada en el trauma<\/li>\n                        <li data-id=\"block_d3de68ead4a3397552e699cd3ca7853a_tab_2\" class=\"\">Grupos de apoyo<\/li>\n                    <\/ul>\n\n                <div class=\"tabbed-content-mobile-tab \" data-id=\"block_d3de68ead4a3397552e699cd3ca7853a_tab_1\">Terapia centrada en el trauma<\/div>\n        <div class=\"tabbed-content\" data-id=\"block_d3de68ead4a3397552e699cd3ca7853a_tab_1\">\n            <div class=\"tabbed-content-inner\">\n                                <div class=\"tabbed-content-image\">\n                    <img decoding=\"async\" src=\"https:\/\/www.bridginghopega.org\/wp-content\/uploads\/2025\/06\/woman-clipboard.jpg\" alt=\"Two women seated, one woman taking notes on clipboard\">\n                <\/div>\n                                <div class=\"tabbed-content-description\">\n                                        <h4 class=\"has-text-color has-teal-300-color\" data-aos=\"fade-right\">Terapia centrada en el trauma<\/h4>                    <div class=\"has-text-color has-black-color has-teal-300-link-color\" data-aos=\"fade-up\"><p>Trabaja individualmente con un profesional de la salud mental formado y atento que te ayudar\u00e1 a afrontar el trauma de ser una superviviente de una agresi\u00f3n sexual. Nuestros compasivos asesores tienen experiencia en ayudar a los supervivientes a enfrentarse a la gama de emociones y respuestas derivadas del abuso sexual y te acompa\u00f1ar\u00e1n en tu viaje hacia un futuro mejor. En estas sesiones, te enfrentar\u00e1s al trauma y aprender\u00e1s mejor a afrontarlo y a curarte de \u00e9l.  <\/p>\n<\/div>\n                                    <\/div>\n            <\/div>\n        <\/div>\n                <div class=\"tabbed-content-mobile-tab \" data-id=\"block_d3de68ead4a3397552e699cd3ca7853a_tab_2\">Grupos de apoyo<\/div>\n        <div class=\"tabbed-content\" data-id=\"block_d3de68ead4a3397552e699cd3ca7853a_tab_2\">\n            <div class=\"tabbed-content-inner\">\n                                <div class=\"tabbed-content-image\">\n                    <img decoding=\"async\" src=\"https:\/\/www.bridginghopega.org\/wp-content\/uploads\/2025\/06\/group-of-people.jpg\" alt=\"Group of people seated in circle while talking\">\n                <\/div>\n                                <div class=\"tabbed-content-description\">\n                                        <h4 class=\"has-text-color has-teal-300-color\" data-aos=\"fade-right\">Grupos de apoyo<\/h4>                    <div class=\"has-text-color has-black-color has-teal-300-link-color\" data-aos=\"fade-up\"><p>Los Grupos de Apoyo Bridging Hope est\u00e1n abiertos a supervivientes de cualquier tipo de abuso o agresi\u00f3n sexual que residan en nuestra \u00e1rea de servicio, que incluye los condados de Dawson, Habersham, Hall, Forsyth, Lumpkin y White. Nuestros grupos proporcionan un espacio seguro para que los supervivientes aprendan m\u00e1s sobre el trauma y la curaci\u00f3n, y para que conecten y se apoyen mutuamente a medida que avanzan en su proceso de curaci\u00f3n. Los temas que se exploran durante el grupo incluyen: el impacto del trauma, las estrategias para afrontarlo, la relaci\u00f3n con uno mismo y con los dem\u00e1s, y diversos m\u00e9todos de curaci\u00f3n.  <\/p>\n<\/div>\n                                    <\/div>\n            <\/div>\n        <\/div>\n            <\/div>\n<\/section>\n<script>\n\t(function($){\n        $('[data-id=\"block_d3de68ead4a3397552e699cd3ca7853a\"]').each( function() {\n            var parent = $(this);\n            \n            $(this).find('ul.tabbed-content-tabs li:first').addClass(\"active\");\n            $(this).find('.tabbed-content-mobile-tab:first').addClass(\"active\");\n            $(this).find('.tabbed-content:first').show();\n            \n            $(this).find('ul.tabbed-content-tabs li').on('click', function(e){\n                e.preventDefault();\n                \n                var activeId = $(this).data('id');\n                \n                parent.find('ul.tabbed-content-tabs li').removeClass(\"active\");\n                parent.find('.tabbed-content-mobile-tab').removeClass(\"active\");\n                parent.find('.tabbed-content').hide();\n                \n                parent.find('ul.tabbed-content-tabs li[data-id=\"'+activeId+'\"]').addClass(\"active\");\n                parent.find('.tabbed-content-mobile-tab[data-id=\"'+activeId+'\"]').addClass(\"active\");\n                parent.find('.tabbed-content[data-id=\"'+activeId+'\"]').fadeIn();\n            });\n            $(this).find('.tabbed-content-mobile-tab').on('click', function(e){\n                e.preventDefault();\n                \n                var activeId = $(this).data('id');\n                \n                parent.find('ul.tabbed-content-tabs li').removeClass(\"active\");\n                parent.find('.tabbed-content-mobile-tab').removeClass(\"active\");\n                parent.find('.tabbed-content').hide();\n                \n                parent.find('ul.tabbed-content-tabs li[data-id=\"'+activeId+'\"]').addClass(\"active\");\n                parent.find('.tabbed-content-mobile-tab[data-id=\"'+activeId+'\"]').addClass(\"active\");\n                parent.find('.tabbed-content[data-id=\"'+activeId+'\"]').fadeIn();\n            });\n        });\n\t})(jQuery);\n<\/script>\n\n<style type=\"text\/css\">@media screen and (max-width: 991px){section[data-id=\"block_d98299d0a1bb86d23eaff1398e6ecf74\"]{padding-top: 30px;padding-bottom: 0px;margin-bottom: 0px;}}@media screen and (min-width: 992px) and (max-width: 1199px){section[data-id=\"block_d98299d0a1bb86d23eaff1398e6ecf74\"]{padding-top: 30px;padding-bottom: 0px;margin-bottom: 0px;}}@media screen and (min-width: 1200px){section[data-id=\"block_d98299d0a1bb86d23eaff1398e6ecf74\"]{padding-top: 30px;padding-bottom: 0px;margin-bottom: 0px;}}<\/style><section class=\"single-content-section has-background has-background-color has-text-color default has-transparent-background-color text-center\" data-id=\"block_d98299d0a1bb86d23eaff1398e6ecf74\" data-aos=\"fade-in\">\n    <div class=\"container\">\n        <div class=\"grid\">\n            <div class=\"col-grid col-1-1 lg-col-10-12 offset-lg-col-1-12\">\n                                <h2 class=\"h3 has-text-color has-teal-300-color\" data-aos=\"fade-right\">Habla con un profesional<\/h2>                <div class=\"has-text-color has-black-color has-teal-300-link-color\" data-aos=\"fade-up\"><p>Para obtener m\u00e1s informaci\u00f3n sobre los servicios de terapia o sobre c\u00f3mo programar una sesi\u00f3n, llama a Bridging Hope al 770-503-7273 o rellena los formularios que aparecen a continuaci\u00f3n. Un terapeuta se pondr\u00e1 en contacto contigo para realizar una llamada de evaluaci\u00f3n\/orientaci\u00f3n antes de asistir a una sesi\u00f3n de grupo.<\/p>\n<\/div>\n                                    <div class=\"buttons xs-pt-10 text-center\" data-aos=\"fade-up\">\n                        <a href=\"https:\/\/docs.google.com\/forms\/d\/e\/1FAIpQLSdxyYzZFBoSBW4qKazhqPjUpXSWS_UD67XHtrXo6nLQhTQRRg\/viewform\" class=\"button button-primary-default\" target=\"_self\" rel=\"noopener\"><span>Formulario de inter\u00e9s en asesoramiento<\/span><\/a><a href=\"https:\/\/docs.google.com\/forms\/d\/1XgJMAMXpj8De4SAcnSkCO8bZBpGnkTF-QC0MpyULVCU\/viewform?ts=650da293&#038;edit_requested=true#responses\" class=\"button button-primary-default\" target=\"_self\" rel=\"noopener\"><span>Formulario de inter\u00e9s del grupo de apoyo<\/span><\/a>                    <\/div>\n                            <\/div>\n        <\/div>\n    <\/div>\n    <\/section>\n\n<style type=\"text\/css\">@media screen and (max-width: 991px){section[data-id=\"block_450f56b6f60f5b7891738197ecc5a2b4\"]{margin-top: 0px;}}@media screen and (min-width: 992px) and (max-width: 1199px){section[data-id=\"block_450f56b6f60f5b7891738197ecc5a2b4\"]{margin-top: 0px;}}@media screen and (min-width: 1200px){section[data-id=\"block_450f56b6f60f5b7891738197ecc5a2b4\"]{margin-top: 0px;}}<\/style><section class=\"cta-section default\" data-id=\"block_450f56b6f60f5b7891738197ecc5a2b4\" data-aos=\"fade-in\">\n    <div class=\"cta cta-single has-background has-background-color has-beige-background-color\">\n        <div class=\"container\">\n            <div class=\"grid\">\n                <div class=\"col-grid lg-col-10-12 offset-lg-col-1-12\">\n                                        <h2 class=\"h4 has-text-color has-teal-500-color\" data-aos=\"fade-up\">Consigue ayuda<\/h2>\n                    <div class=\"has-text-color has-black-color has-black-link-color\" data-aos=\"fade-up\"><p>El trauma que supone una agresi\u00f3n sexual puede manifestarse de formas diferentes e inesperadas, y por muy fuerte o decidida que seas, los profesionales de Bridging Hope te animan a buscar apoyo de salud mental despu\u00e9s de cualquier incidente. Aunque hayan pasado semanas, meses o a\u00f1os desde la agresi\u00f3n, el trauma puede aflorar de repente, aunque haya estado latente o se haya abordado previamente. Es de vital importancia que abordes estas cuestiones, y siempre estamos dispuestos a ayudarte. Ll\u00e1manos hoy mismo y deja que te ayudemos en tu recuperaci\u00f3n.   <\/p>\n<\/div>                                            <div class=\"buttons justify-center\" data-aos=\"fade-up\">\n                            <a href=\"https:\/\/www.bridginghopega.org\/get-help\/\" class=\"button button-primary-default\" target=\"_self\"><span>Contacta con nosotros<\/span><\/a>                        <\/div>\n                                        <\/div>\n            <\/div>\n        <\/div>\n\n            <\/div>\n<\/section>","protected":false},"excerpt":{"rendered":"","protected":false},"author":1,"featured_media":0,"parent":602,"menu_order":30,"comment_status":"closed","ping_status":"closed","template":"","meta":{"_acf_changed":true,"footnotes":""},"class_list":["post-593","page","type-page","status-publish","hentry"],"acf":[],"_links":{"self":[{"href":"https:\/\/www.bridginghopega.org\/es\/wp-json\/wp\/v2\/pages\/593","targetHints":{"allow":["GET"]}}],"collection":[{"href":"https:\/\/www.bridginghopega.org\/es\/wp-json\/wp\/v2\/pages"}],"about":[{"href":"https:\/\/www.bridginghopega.org\/es\/wp-json\/wp\/v2\/types\/page"}],"author":[{"embeddable":true,"href":"https:\/\/www.bridginghopega.org\/es\/wp-json\/wp\/v2\/users\/1"}],"replies":[{"embeddable":true,"href":"https:\/\/www.bridginghopega.org\/es\/wp-json\/wp\/v2\/comments?post=593"}],"version-history":[{"count":0,"href":"https:\/\/www.bridginghopega.org\/es\/wp-json\/wp\/v2\/pages\/593\/revisions"}],"up":[{"embeddable":true,"href":"https:\/\/www.bridginghopega.org\/es\/wp-json\/wp\/v2\/pages\/602"}],"wp:attachment":[{"href":"https:\/\/www.bridginghopega.org\/es\/wp-json\/wp\/v2\/media?parent=593"}],"curies":[{"name":"wp","href":"https:\/\/api.w.org\/{rel}","templated":true}]}}