{"id":591,"date":"2025-06-19T11:33:19","date_gmt":"2025-06-19T15:33:19","guid":{"rendered":"https:\/\/www.bridginghopega.org\/examenes-medicos-forenses\/"},"modified":"2025-07-15T13:37:26","modified_gmt":"2025-07-15T17:37:26","slug":"examenes-medicos-forenses","status":"publish","type":"page","link":"https:\/\/www.bridginghopega.org\/es\/servicios\/examenes-medicos-forenses\/","title":{"rendered":"Ex\u00e1menes m\u00e9dicos forenses"},"content":{"rendered":"<style type=\"text\/css\">@media screen and (max-width: 991px){section[data-id=\"block_8abdd61dd5a2cea36bea51c6693e26d7\"]{padding-bottom: 0px;margin-bottom: 0px;}}@media screen and (min-width: 992px) and (max-width: 1199px){section[data-id=\"block_8abdd61dd5a2cea36bea51c6693e26d7\"]{padding-bottom: 0px;margin-bottom: 0px;}}@media screen and (min-width: 1200px){section[data-id=\"block_8abdd61dd5a2cea36bea51c6693e26d7\"]{padding-bottom: 0px;margin-bottom: 0px;}}<\/style><section class=\"single-content-section has-background has-background-color has-text-color default has-transparente-background-color text-center\" data-id=\"block_8abdd61dd5a2cea36bea51c6693e26d7\" data-aos=\"fade-in\">\n    <div class=\"container\">\n        <div class=\"grid\">\n            <div class=\"col-grid col-1-1 lg-col-10-12 offset-lg-col-1-12\">\n                                                <div class=\"has-text-color has-negro-color has-cerceta-300-link-color\" data-aos=\"fade-up\"><p>Tras sufrir una agresi\u00f3n sexual, es posible que un superviviente no desee buscar atenci\u00f3n m\u00e9dica inmediatamente, pero Bridging Hope te anima encarecidamente a que obtengas atenci\u00f3n m\u00e9dica profesional en forma de Examen M\u00e9dico Forense lo antes posible.<\/p>\n<\/div>\n                            <\/div>\n        <\/div>\n    <\/div>\n    <\/section>\n\n<style type=\"text\/css\">@media screen and (max-width: 991px){section[data-id=\"block_af5c900bc794e9ad52718243768cf937\"]{padding-top: 30px;padding-bottom: 60px;margin-top: 30px;margin-bottom: 0px;}}@media screen and (min-width: 992px) and (max-width: 1199px){section[data-id=\"block_af5c900bc794e9ad52718243768cf937\"]{padding-top: 30px;padding-bottom: 60px;margin-top: 30px;margin-bottom: 0px;}}@media screen and (min-width: 1200px){section[data-id=\"block_af5c900bc794e9ad52718243768cf937\"]{padding-top: 30px;padding-bottom: 60px;margin-top: 30px;margin-bottom: 0px;}}<\/style><section class=\"cta-section has-background has-background-color default has-transparente-background-color\" data-id=\"block_af5c900bc794e9ad52718243768cf937\" data-aos=\"fade-in\">\n    <div class=\"container\">\n                <div class=\"grid\">\n            <div class=\"col-grid xxl-col-10-12 offset-xxl-col-1-12 text-center xs-pb-40\">\n                <span class=\"preheader xs-pb-10 has-text-color has-cerceta-500-color\" data-aos=\"fade-up\">Recibe atenci\u00f3n lo antes posible<\/span>                <h2 class=\"has-text-color has-cerceta-300-color\" data-aos=\"fade-up\">Entre las razones para someterse a un reconocimiento m\u00e9dico forense se incluyen:<\/h2>\n                                            <\/div>\n        <\/div>\n                        <div class=\"grid\">\n                        <div class=\"col-grid lg-col-1-3 xs-pt-10 xs-pb-10\" data-aos=\"fade-up\">\n                <div class=\"cta has-background-color has-warm-white-background-color\">                    <span class=\"cta-inner\">\n                                                <span class=\"cta-title has-text-color has-teal-500-color xs-mb-0\">Salud f\u00edsica<\/span>                        <span class=\"cta-content has-text-color has-black-color has-link-color has-teal-300-link-color\"><p>Al someterse a un examen exhaustivo, los profesionales pueden determinar la presencia de cualquier infecci\u00f3n de transmisi\u00f3n sexual y comenzar su tratamiento inmediato, as\u00ed como abordar la posibilidad de embarazo.<\/p>\n<\/span>                    <\/span>\n                <\/div>            <\/div>\n                        <div class=\"col-grid lg-col-1-3 xs-pt-10 xs-pb-10\" data-aos=\"fade-up\">\n                <div class=\"cta has-background-color has-warm-white-background-color\">                    <span class=\"cta-inner\">\n                                                <span class=\"cta-title has-text-color has-teal-500-color xs-mb-0\">Salud mental<\/span>                        <span class=\"cta-content has-text-color has-black-color has-link-color has-teal-300-link-color\"><p>Cuanto antes te vea un profesional, antes podr\u00e1s iniciar el proceso de dejar atr\u00e1s el lado f\u00edsico de la experiencia y empezar a centrarte en abordar el trauma mental.<\/p>\n<\/span>                    <\/span>\n                <\/div>            <\/div>\n                        <div class=\"col-grid lg-col-1-3 xs-pt-10 xs-pb-10\" data-aos=\"fade-up\">\n                <div class=\"cta has-background-color has-warm-white-background-color\">                    <span class=\"cta-inner\">\n                                                <span class=\"cta-title has-text-color has-teal-500-color xs-mb-0\">Pruebas<\/span>                        <span class=\"cta-content has-text-color has-black-color has-link-color has-teal-300-link-color\"><p>Si decides presentar cargos (los adultos no est\u00e1n obligados a presentar cargos despu\u00e9s de someterse a un reconocimiento m\u00e9dico forense), un reconocimiento m\u00e9dico forense ayudar\u00e1 a las fuerzas de seguridad a tramitar cualquier orden judicial. Tambi\u00e9n ayudar\u00e1 a garantizar y conservar las mejores pruebas f\u00edsicas. Aunque tardes en presentar cargos, la presencia de pruebas f\u00edsicas inmediatas mejorar\u00e1 tu caso.<\/p>\n<\/span>                    <\/span>\n                <\/div>            <\/div>\n                    <\/div>\n            <\/div>\n    <\/section>\n\n<style type=\"text\/css\">@media screen and (max-width: 991px){section[data-id=\"block_0c1f1c1ff0df5e6e4c87fd3b6ceca96f\"]{padding-top: 30px;padding-bottom: 60px;margin-top: 0px;margin-bottom: 60px;}}@media screen and (min-width: 992px) and (max-width: 1199px){section[data-id=\"block_0c1f1c1ff0df5e6e4c87fd3b6ceca96f\"]{padding-top: 30px;padding-bottom: 60px;margin-top: 0px;margin-bottom: 60px;}}@media screen and (min-width: 1200px){section[data-id=\"block_0c1f1c1ff0df5e6e4c87fd3b6ceca96f\"]{padding-top: 30px;padding-bottom: 60px;margin-top: 0px;margin-bottom: 60px;}}<\/style><section class=\"single-content-section has-background has-background-color has-text-color default has-transparent-background-color text-center\" data-id=\"block_0c1f1c1ff0df5e6e4c87fd3b6ceca96f\" data-aos=\"fade-in\">\n    <div class=\"container\">\n        <div class=\"grid\">\n            <div class=\"col-grid col-1-1 lg-col-10-12 offset-lg-col-1-12\">\n                                <h2 class=\"h3 has-text-color has-teal-300-color\" data-aos=\"fade-right\">C\u00f3mo obtener un examen<\/h2>                <div class=\"has-text-color has-black-color has-teal-300-link-color\" data-aos=\"fade-up\"><p>En Bridging Hope, disponemos de enfermeras tituladas con formaci\u00f3n SANE para realizar Ex\u00e1menes M\u00e9dicos Forenses privados. Durante este proceso, una Enfermera Examinadora de Agresiones Sexuales recoger\u00e1 pruebas, examinar\u00e1 y documentar\u00e1 cualquier lesi\u00f3n y ofrecer\u00e1 tratamiento preventivo para posibles embarazos e infecciones de transmisi\u00f3n sexual. Nuestra promesa es que realizaremos todos los ex\u00e1menes minuciosamente, centr\u00e1ndonos en la compasi\u00f3n y la privacidad. Hacemos todo lo que podemos para aliviar una situaci\u00f3n incre\u00edblemente traum\u00e1tica.<\/p>\n<p>Si has sufrido una agresi\u00f3n o abuso sexual, ponte en contacto con Bridging Hope lo antes posible, y podremos orientarte para obtener un Examen M\u00e9dico Forense en nuestra oficina o en cualquier otro lugar.<\/p>\n<\/div>\n                                    <div class=\"buttons xs-pt-10 text-center\" data-aos=\"fade-up\">\n                        <a href=\"tel:800-721-1999\" class=\"button button-primary-default\" target=\"_self\"><span>Ll\u00e1manos hoy<\/span><\/a>                    <\/div>\n                            <\/div>\n        <\/div>\n    <\/div>\n    <\/section>","protected":false},"excerpt":{"rendered":"","protected":false},"author":1,"featured_media":0,"parent":602,"menu_order":10,"comment_status":"closed","ping_status":"closed","template":"","meta":{"_acf_changed":true,"footnotes":""},"class_list":["post-591","page","type-page","status-publish","hentry"],"acf":[],"_links":{"self":[{"href":"https:\/\/www.bridginghopega.org\/es\/wp-json\/wp\/v2\/pages\/591","targetHints":{"allow":["GET"]}}],"collection":[{"href":"https:\/\/www.bridginghopega.org\/es\/wp-json\/wp\/v2\/pages"}],"about":[{"href":"https:\/\/www.bridginghopega.org\/es\/wp-json\/wp\/v2\/types\/page"}],"author":[{"embeddable":true,"href":"https:\/\/www.bridginghopega.org\/es\/wp-json\/wp\/v2\/users\/1"}],"replies":[{"embeddable":true,"href":"https:\/\/www.bridginghopega.org\/es\/wp-json\/wp\/v2\/comments?post=591"}],"version-history":[{"count":0,"href":"https:\/\/www.bridginghopega.org\/es\/wp-json\/wp\/v2\/pages\/591\/revisions"}],"up":[{"embeddable":true,"href":"https:\/\/www.bridginghopega.org\/es\/wp-json\/wp\/v2\/pages\/602"}],"wp:attachment":[{"href":"https:\/\/www.bridginghopega.org\/es\/wp-json\/wp\/v2\/media?parent=591"}],"curies":[{"name":"wp","href":"https:\/\/api.w.org\/{rel}","templated":true}]}}