{"id":583,"date":"2025-06-19T11:32:50","date_gmt":"2025-06-19T15:32:50","guid":{"rendered":"https:\/\/www.bridginghopega.org\/saki\/"},"modified":"2025-07-15T13:53:40","modified_gmt":"2025-07-15T17:53:40","slug":"saki","status":"publish","type":"page","link":"https:\/\/www.bridginghopega.org\/es\/servicios\/saki\/","title":{"rendered":"SAKI"},"content":{"rendered":"<section class=\"single-content-section has-background has-background-color has-text-color default has-transparent-background-color text-center\" data-id=\"block_cebe28f6730fb5d8bd92fbe9d8082261\" data-aos=\"fade-in\">\n    <div class=\"container\">\n        <div class=\"grid\">\n            <div class=\"col-grid col-1-1 lg-col-10-12 offset-lg-col-1-12\">\n                                <h2 class=\"h3 has-text-color has-teal-300-color\" data-aos=\"fade-right\">Ayudamos a responsabilizar a los infractores<\/h2>                <div class=\"has-text-color has-black-color has-teal-300-link-color\" data-aos=\"fade-up\"><p>Bridging Hope se enorgullece de formar parte de la Iniciativa Nacional de Kits de Agresi\u00f3n Sexual (SAKI). Este programa, perteneciente a la Oficina de Justicia, proporciona fondos para mejorar la respuesta de la justicia penal ante la agresi\u00f3n sexual y responsabilizar a los agresores mediante el uso \u00f3ptimo de la evidencia encontrada en los kits de agresi\u00f3n sexual. Administrado por la Oficina de Asistencia Judicial, SAKI busca crear una respuesta coordinada que garantice una resoluci\u00f3n eficaz de la agresi\u00f3n sexual y otros delitos violentos.<\/p>\n<\/div>\n                            <\/div>\n        <\/div>\n    <\/div>\n    <\/section>\n\n<section  class=\"accordion-section has-background has-background-color has-text-color default has-transparent-background-color\" data-id=\"block_64fd1c55dc98b6a22bcdb676e822d7cc\" data-aos=\"fade-in\">\n    <div class=\"container\">\n        <div class=\"grid justify-center\">\n                        <div class=\"col-grid lg-col-10-12 text-center xs-pb-50\">\n                                <h3 class=\"has-text-color has-teal-300-color\" data-aos=\"fade-up\">Obtenga m\u00e1s informaci\u00f3n sobre SAKI<\/h3>                                            <\/div>\n                        <div class=\"col-grid col-1-1\">\n\n                                <div class=\"accordion\" data-aos=\"fade-up\">\n                    <div class=\"accordion-title has-text-color has-link-color has-teal-300-color has-teal-300-link-color\">C\u00f3mo funciona SAKI<\/div>\n                    <div class=\"accordion-content has-text-color has-link-color has-black-color has-black-link-color xs-pt-24\">\n                        <p>SAKI apoya la investigaci\u00f3n y el enjuiciamiento de los casos y proporciona un enfoque integral y centrado en la v\u00edctima. Los resultados mejoran la capacidad de las fuerzas de seguridad para enviar los kits de agresi\u00f3n sexual a los laboratorios de criminal\u00edstica para su procesamiento. Los centros SAKI, tanto los financiados actualmente como los financiados anteriormente, representan a 44 estados y al Distrito de Columbia, incluido el de Bridging Hope.<\/p>\n\n\n                                            <\/div>\n                <\/div>\n                                <div class=\"accordion\" data-aos=\"fade-up\">\n                    <div class=\"accordion-title has-text-color has-link-color has-teal-300-color has-teal-300-link-color\">Por qu\u00e9 ayuda SAKI<\/div>\n                    <div class=\"accordion-content has-text-color has-link-color has-black-color has-black-link-color xs-pt-24\">\n                        <p>SAKI ofrece experiencia y asistencia a las jurisdicciones encargadas de hacer cumplir la ley en el establecimiento de pr\u00e1cticas generalizadas, sostenibles y basadas en pruebas para la recogida y el procesamiento de pruebas forenses. Tambi\u00e9n ayuda en la investigaci\u00f3n y el enjuiciamiento de los casos de agresi\u00f3n sexual, garantizando el procesamiento adecuado y coherente de las pruebas procedentes de kits de agresi\u00f3n sexual (SAK) nuevos y no presentados anteriormente.<\/p>\n<p>Tambi\u00e9n SAKI:<\/p>\n<ul>\n<li>Proporciona financiaci\u00f3n a las agencias para inventariar, rastrear y analizar los kits de agresi\u00f3n sexual no enviados o no analizados previamente.<\/li>\n<li>Apoya la carga de perfiles de ADN de los kits analizados en el Sistema Combinado de \u00cdndices de ADN (CODIS), que ayuda a identificar a los autores y a resolver casos sin resolver.<\/li>\n<li>Apoya las notificaciones a las v\u00edctimas sobre los resultados del CODIS, poniendo en contacto a los supervivientes con defensores y servicios, y mejorando los enfoques centrados en las v\u00edctimas.<\/li>\n<li>Mejora las investigaciones de casos sin resolver al permitir el seguimiento de las pistas generadas por los resultados del CODIS.<\/li>\n<li>Rastrea las pruebas asegur\u00e1ndote de que los SAK se gestionan y procesan adecuadamente.<\/li>\n<\/ul>\n\n\n                                            <\/div>\n                <\/div>\n                                <div class=\"accordion\" data-aos=\"fade-up\">\n                    <div class=\"accordion-title has-text-color has-link-color has-teal-300-color has-teal-300-link-color\">Notificaci\u00f3n de la v\u00edctima a los supervivientes<\/div>\n                    <div class=\"accordion-content has-text-color has-link-color has-black-color has-black-link-color xs-pt-24\">\n                        <p>In 2017, the Sexual Assault Kit Victim Notification Portal was created to assist survivors of sexual assault who believe their sexual assault kit may not have been previously tested. Survivors can visit <a href=\"http:\/\/notify.svrga.org\/\" target=\"_blank\" rel=\"noopener\">notify.svrga.org<\/a> to communicate their preferences regarding notification of reopened investigations and prosecutions.<\/p>\n\n\n                                            <\/div>\n                <\/div>\n                                <div class=\"accordion\" data-aos=\"fade-up\">\n                    <div class=\"accordion-title has-text-color has-link-color has-teal-300-color has-teal-300-link-color\">Objetivos para SAKI<\/div>\n                    <div class=\"accordion-content has-text-color has-link-color has-black-color has-black-link-color xs-pt-24\">\n                        <p>The main goal for SAKI is to better facilitate and integrate all members of the support team surrounding sexual assault incidents. This includes law enforcement, forensic analysts, medical support teams \u2013 including Sexual Assault Nurse Examiners \u2013 advocates for survivors and family members of survivors, and case management professionals.<\/p>\n\n\n                                            <\/div>\n                <\/div>\n                            <\/div>\n        <\/div>\n    <\/div>\n    <\/section>\n<script>\n\t(function($){\n        $('[data-id=\"block_64fd1c55dc98b6a22bcdb676e822d7cc\"]').find( '.accordion-title' ).on('click', function(e) {\n            e.preventDefault();\n            $(this).toggleClass('active');\n            $(this).next().slideToggle('fast');\n        });\n\t})(jQuery);\n<\/script>\n","protected":false},"excerpt":{"rendered":"","protected":false},"author":1,"featured_media":0,"parent":602,"menu_order":10,"comment_status":"closed","ping_status":"closed","template":"","meta":{"_acf_changed":true,"footnotes":""},"class_list":["post-583","page","type-page","status-publish","hentry"],"acf":[],"_links":{"self":[{"href":"https:\/\/www.bridginghopega.org\/es\/wp-json\/wp\/v2\/pages\/583","targetHints":{"allow":["GET"]}}],"collection":[{"href":"https:\/\/www.bridginghopega.org\/es\/wp-json\/wp\/v2\/pages"}],"about":[{"href":"https:\/\/www.bridginghopega.org\/es\/wp-json\/wp\/v2\/types\/page"}],"author":[{"embeddable":true,"href":"https:\/\/www.bridginghopega.org\/es\/wp-json\/wp\/v2\/users\/1"}],"replies":[{"embeddable":true,"href":"https:\/\/www.bridginghopega.org\/es\/wp-json\/wp\/v2\/comments?post=583"}],"version-history":[{"count":0,"href":"https:\/\/www.bridginghopega.org\/es\/wp-json\/wp\/v2\/pages\/583\/revisions"}],"up":[{"embeddable":true,"href":"https:\/\/www.bridginghopega.org\/es\/wp-json\/wp\/v2\/pages\/602"}],"wp:attachment":[{"href":"https:\/\/www.bridginghopega.org\/es\/wp-json\/wp\/v2\/media?parent=583"}],"curies":[{"name":"wp","href":"https:\/\/api.w.org\/{rel}","templated":true}]}}