{"id":582,"date":"2025-06-25T13:31:18","date_gmt":"2025-06-25T17:31:18","guid":{"rendered":"https:\/\/www.bridginghopega.org\/sobre-bridging-hope\/consejo-de-administracion\/"},"modified":"2025-07-14T14:50:58","modified_gmt":"2025-07-14T18:50:58","slug":"consejo-de-administracion","status":"publish","type":"page","link":"https:\/\/www.bridginghopega.org\/es\/sobre-bridging-hope\/consejo-de-administracion\/","title":{"rendered":"Consejo de Administraci\u00f3n"},"content":{"rendered":"<style type=\"text\/css\">@media screen and (max-width: 991px){section[data-id=\"block_7228f1d6317da31ace1ac1537c90542f\"]{padding-bottom: 15px;margin-bottom: 15px;}}@media screen and (min-width: 992px) and (max-width: 1199px){section[data-id=\"block_7228f1d6317da31ace1ac1537c90542f\"]{padding-bottom: 15px;margin-bottom: 15px;}}@media screen and (min-width: 1200px){section[data-id=\"block_7228f1d6317da31ace1ac1537c90542f\"]{padding-bottom: 15px;margin-bottom: 15px;}}<\/style><section class=\"single-content-section has-background has-background-color has-text-color default has-transparent-background-color text-left\" data-id=\"block_7228f1d6317da31ace1ac1537c90542f\" data-aos=\"fade-in\">\n    <div class=\"container\">\n        <div class=\"grid\">\n            <div class=\"col-grid col-1-1 lg-col-10-12 offset-lg-col-1-12\">\n                                                <div class=\"has-text-color has-black-color has-teal-300-link-color\" data-aos=\"fade-up\"><h1 style=\"color: teal; text-align: center;\">Junta Directiva<\/h1>\n<p>Desde 1988, nuestra Junta Directiva se ha comprometido a apoyar y asistir a las sobrevivientes de agresi\u00f3n sexual, y este dedicado grupo de personas contin\u00faa sirviendo a nuestra misi\u00f3n con firme devoci\u00f3n. Les estaremos eternamente agradecidos por su gu\u00eda y servicio.<\/p>\n<\/div>\n                            <\/div>\n        <\/div>\n    <\/div>\n    <\/section>\n\n<style type=\"text\/css\">@media screen and (max-width: 991px){section[data-id=\"block_5432b3f676a68810e20f8b5402c8f0f3\"]{padding-top: 0px;padding-bottom: 0px;margin-top: 0px;margin-bottom: 0px;}}@media screen and (min-width: 992px) and (max-width: 1199px){section[data-id=\"block_5432b3f676a68810e20f8b5402c8f0f3\"]{padding-top: 0px;padding-bottom: 0px;margin-top: 0px;margin-bottom: 0px;}}@media screen and (min-width: 1200px){section[data-id=\"block_5432b3f676a68810e20f8b5402c8f0f3\"]{padding-top: 0px;padding-bottom: 0px;margin-top: 0px;margin-bottom: 0px;}}<\/style><section class=\"multi-columns-section has-background has-background-color has-text-color default has-transparent-background-color\" data-id=\"block_5432b3f676a68810e20f8b5402c8f0f3\" data-aos=\"fade-in\">\n        <div class=\"grid justify-center alinear-iniciar\">\n                <div  class=\"col-grid xxl-col-5-12 lg-col-5-12 xs-col-12-12 texto-izquierda \" data-aos=\"fade-up\">\n                                                            <div class=\"\">\n                                                <div class=\" has-text-color has-negro-color has-cerceta-300-link-color\"><h6><strong>Presidenta:<\/strong> Melissa King<\/h6>\n<h6><strong>Vicepresidenta:<\/strong> Sally Walden-Crowe<\/h6>\n<p>&nbsp;<\/p>\n<\/div>\n                            <\/div>\n                    <\/div>\n                <div  class=\"col-grid xxl-col-4-12 lg-col-4-12 xs-col-12-12 texto-izquierda \" data-aos=\"fade-up\">\n                                                            <div class=\"\">\n                                                <div class=\" has-text-color has-negro-color has-cerceta-300-link-color\"><h6><strong>Tesorero:<\/strong> Jeremy Perry<\/h6>\n<h6><strong>Secretaria:<\/strong> Leigh Stallings-Wood<\/h6>\n<p>&nbsp;<\/p>\n<\/div>\n                            <\/div>\n                    <\/div>\n            <\/div>\n        <\/section>\n\n<style type=\"text\/css\">@media screen and (max-width: 991px){section[data-id=\"block_30a50b923cfd0cdf330d3ef9c5f5c559\"]{padding-top: 60px;padding-bottom: 90px;margin-top: 60px;}}@media screen and (min-width: 992px) and (max-width: 1199px){section[data-id=\"block_30a50b923cfd0cdf330d3ef9c5f5c559\"]{padding-top: 60px;padding-bottom: 90px;margin-top: 60px;}}@media screen and (min-width: 1200px){section[data-id=\"block_30a50b923cfd0cdf330d3ef9c5f5c559\"]{padding-top: 60px;padding-bottom: 90px;margin-top: 60px;}}<\/style><section class=\"single-content-section has-background has-background-color has-text-color default has-blanco c\u00e1lido-background-color text-center\" data-id=\"block_30a50b923cfd0cdf330d3ef9c5f5c559\" data-aos=\"fade-in\">\n    <div class=\"container\">\n        <div class=\"grid\">\n            <div class=\"col-grid col-1-1 lg-col-10-12 offset-lg-col-1-12\">\n                                <h2 class=\"h3 has-text-color has-teal-300-color\" data-aos=\"fade-right\">Miembros Generales<\/h2>                <div class=\"has-text-color has-black-color has-teal-300-link-color\" data-aos=\"fade-up\"><div class=\"grid\">\n<div class=\"col-grid lg-col-1-2\">\n<h6>Natasha Alvarado<br \/>\nKris Brown<br \/>\nFaye Crupi<br \/>\nKevin Gaddis<br \/>\nLaura Major<br \/>\nAmy Marsh<\/h6>\n<\/div>\n<div class=\"col-grid lg-col-1-2\">\n<h6>Sean McCusker<br \/>\nAshton Lewis<br \/>\nAlyson Paul<br \/>\nKelly Robertson<br \/>\nBri Terry<br \/>\nJeremy Weiner<\/h6>\n<\/div>\n<\/div>\n<\/div>\n                            <\/div>\n        <\/div>\n    <\/div>\n    <\/section>","protected":false},"excerpt":{"rendered":"","protected":false},"author":1,"featured_media":0,"parent":380,"menu_order":0,"comment_status":"closed","ping_status":"closed","template":"","meta":{"_acf_changed":true,"footnotes":""},"class_list":["post-582","page","type-page","status-publish","hentry"],"acf":[],"_links":{"self":[{"href":"https:\/\/www.bridginghopega.org\/es\/wp-json\/wp\/v2\/pages\/582","targetHints":{"allow":["GET"]}}],"collection":[{"href":"https:\/\/www.bridginghopega.org\/es\/wp-json\/wp\/v2\/pages"}],"about":[{"href":"https:\/\/www.bridginghopega.org\/es\/wp-json\/wp\/v2\/types\/page"}],"author":[{"embeddable":true,"href":"https:\/\/www.bridginghopega.org\/es\/wp-json\/wp\/v2\/users\/1"}],"replies":[{"embeddable":true,"href":"https:\/\/www.bridginghopega.org\/es\/wp-json\/wp\/v2\/comments?post=582"}],"version-history":[{"count":0,"href":"https:\/\/www.bridginghopega.org\/es\/wp-json\/wp\/v2\/pages\/582\/revisions"}],"up":[{"embeddable":true,"href":"https:\/\/www.bridginghopega.org\/es\/wp-json\/wp\/v2\/pages\/380"}],"wp:attachment":[{"href":"https:\/\/www.bridginghopega.org\/es\/wp-json\/wp\/v2\/media?parent=582"}],"curies":[{"name":"wp","href":"https:\/\/api.w.org\/{rel}","templated":true}]}}