{"id":1170,"date":"2026-04-06T16:54:09","date_gmt":"2026-04-06T20:54:09","guid":{"rendered":"https:\/\/www.bridginghopega.org\/?page_id=1170"},"modified":"2026-04-06T16:54:09","modified_gmt":"2026-04-06T20:54:09","slug":"camila-colman-2","status":"publish","type":"page","link":"https:\/\/www.bridginghopega.org\/es\/sobre-bridging-hope\/nuestro-equipo\/camila-colman-2\/","title":{"rendered":"Camila Colman"},"content":{"rendered":"<section class=\"split-content-section has-background has-background-color has-text-color default has-transparente-background-color split-content-section-image split-content-section-left\" data-id=\"block_322bc6fa407522e30fd2f82e2c900938\" data-aos=\"fade-up\">\n    <div class=\"container\">\n        <div class=\"grid grid-bleed align-center\">\n            <div class=\"col-grid lg-col-6-12\">\n                <div class=\"split-content-media split-content-media-image sticky split-content-media-left\">\n                                                                 \n                     \n                                                                                                                                        <\/div>\n            <\/div>\n\n            <div class=\"col-grid lg-col-5-12 offset-lg-col-1-12\">\n                <div class=\"split-content split-content-right\" data-aos=\"fade-right\" data-aos-delay=\"200\">\n                                        <h3 class=\"has-text-color has-cerceta-300-color\" data-aos=\"fade-up\">Camila Colman<\/h3>                    <div class=\"has-text-color has-negro-color has-cerceta-300-link-color\" data-aos=\"fade-up\"><h6>Defensor biling\u00fce<\/h6>\n<p>Nacida y criada en Paraguay, Camila habla espa\u00f1ol como lengua materna y siente pasi\u00f3n por servir a su comunidad. Camila obtuvo su licenciatura en justicia penal en la Universidad del Norte de Georgia en el Campus de Dahlonega. All\u00ed trabaj\u00f3 como Asistente Residente y atendi\u00f3 a estudiantes desde el primer a\u00f1o hasta el \u00faltimo. Esta experiencia la ayud\u00f3 a aprender a construir una comunidad sana en el campus a trav\u00e9s de la promoci\u00f3n y los eventos comunitarios. Hacia el final de su experiencia universitaria, hizo pr\u00e1cticas en el GBI. Su experiencia con el GBI incluy\u00f3 el procesamiento de escenas del crimen, el seguimiento de agentes especiales y la asistencia en \u00f3rdenes de registro y en la Unidad de Delitos contra Menores. En \u00faltima instancia, el objetivo profesional de Camila es siempre ayudar a la gente en todo lo que pueda. En su tiempo libre, Camila disfruta leyendo y corriendo.         <\/p>\n<p>Correo electr\u00f3nico: <a href=\"mailto:camila@bridginghopega.org\">camlia@bridginghopega.org<\/a><\/p>\n<\/div>\n                                    <\/div>\n            <\/div>\n        <\/div>\n    <\/div>\n    <\/section>\n","protected":false},"excerpt":{"rendered":"","protected":false},"author":2,"featured_media":0,"parent":607,"menu_order":0,"comment_status":"closed","ping_status":"closed","template":"","meta":{"_acf_changed":false,"footnotes":""},"class_list":["post-1170","page","type-page","status-publish","hentry"],"acf":[],"_links":{"self":[{"href":"https:\/\/www.bridginghopega.org\/es\/wp-json\/wp\/v2\/pages\/1170","targetHints":{"allow":["GET"]}}],"collection":[{"href":"https:\/\/www.bridginghopega.org\/es\/wp-json\/wp\/v2\/pages"}],"about":[{"href":"https:\/\/www.bridginghopega.org\/es\/wp-json\/wp\/v2\/types\/page"}],"author":[{"embeddable":true,"href":"https:\/\/www.bridginghopega.org\/es\/wp-json\/wp\/v2\/users\/2"}],"replies":[{"embeddable":true,"href":"https:\/\/www.bridginghopega.org\/es\/wp-json\/wp\/v2\/comments?post=1170"}],"version-history":[{"count":0,"href":"https:\/\/www.bridginghopega.org\/es\/wp-json\/wp\/v2\/pages\/1170\/revisions"}],"up":[{"embeddable":true,"href":"https:\/\/www.bridginghopega.org\/es\/wp-json\/wp\/v2\/pages\/607"}],"wp:attachment":[{"href":"https:\/\/www.bridginghopega.org\/es\/wp-json\/wp\/v2\/media?parent=1170"}],"curies":[{"name":"wp","href":"https:\/\/api.w.org\/{rel}","templated":true}]}}